{"id":1011,"date":"2023-07-12T12:09:54","date_gmt":"2023-07-12T12:09:54","guid":{"rendered":"https:\/\/www.kein-alter-hut.de\/?page_id=1011"},"modified":"2025-05-22T10:24:29","modified_gmt":"2025-05-22T10:24:29","slug":"ausstellungen","status":"publish","type":"page","link":"https:\/\/www.kein-alter-hut.de\/index.php\/ausstellungen\/","title":{"rendered":"Galerie im B\u00fcrgerb\u00fcro"},"content":{"rendered":"\n<p class=\"has-medium-font-size\"><strong>Galerie im B\u00fcrgerb\u00fcro<\/strong><\/p>\n\n\n\n<p>In den R\u00e4umen unseres B\u00fcrgerb\u00fcros haben wir bereits mit der Konzeption Platz f\u00fcr verschiedene Formen von Ausstellungen bereit gestellt. Mit Ausnahme einer Krippenschau in der Adventszeit hatten wir bisher ausschlie\u00dflich bildende K\u00fcnstler:innen zu Gast, Maler:innen und aktuell mit Jutta Stern erstmals eine Bildhauerin.<\/p>\n\n\n\n<p>Denkbar sind in der Zukunft auch historische Ausstellungen oder solche mit Bezug zum Bezirk Reinickendorf. \u00dcberraschen Sie uns mit Ihren Ideen: es soll ein Ausstellungsraum f\u00fcr alle Interessierten und alle Interessen sein.<\/p>\n\n\n\n<p>Nach Gotthard Krupp und Hassan Taheri durften wir 2023 in unseren Ausstellungsr\u00e4umen beeindruckende K\u00fcnstlerinnen pr\u00e4sentieren.<br>Nora Sturms Kunst \u201ebewegt sich zwischen Abstraktion und Gegenst\u00e4ndlichkeit. Sie arbeitet vorrangig mit Mischtechniken, f\u00fcr die sie Brikettasche, Acryl, \u00d6lkreiden, Kohle und Pigmente verwendet.\u201c Ihre Bilder entwickeln in ihrer Vielschichtigkeit einen Sog, dem sich die Betrachtenden kaum entziehen k\u00f6nnen. Besonders stolz sind wir, dass w\u00e4hrend der Ausstellung in unseren R\u00e4umen einige ihrer Werke erstmals dem Publikum gezeigt wurden.<\/p>\n\n\n\n<p>Jutta Sterns Werk besteht neben ihren Grafiken vor allem in ihren Skulpturen und Plastiken aus Sandstein, Bronze und Terrakotta. Die Kommunikation ihrer Gestaltung mit den verschiedenen Materialien er\u00f6ffnet einen faszinierenden Blick, eine manchmal noch unentdeckte Perspektive f\u00fcr die Betrachtenden. Sie nimmt die Betrachtenden in ihrem gesamten, auch p\u00e4dagogischen Wirken mit auf eine Reise.<br>Constanze Meyer und Laura Gregory sind zwei junge K\u00fcnstlerinnen, die es noch zu entdecken gilt. Wir freuen uns sehr, dass wir sie im September 23 ein St\u00fcck auf ihrem Weg begleiten durften.<\/p>\n\n\n\n<p>Dass bei uns aber auch Raum f\u00fcr K\u00fcnstler:innen aus unserem regionalen Umfeld ist, stellten wir mit der Pr\u00e4sentation des Werks von Sabine Reichert unter Beweis, die den Betrachtenden ihrer \u201eaus dem Bauch entsprungenen\u201c Werke \u201epositive Impulse\u201c und \u201einnere Ruhe\u201c vermitteln m\u00f6chte.<\/p>\n\n\n\n<p>Seit Januar und bis M\u00e4rz 2024 stellen wir das bemerkenswert vielf\u00e4ltige Werk von Harry Jakob aus. \u00d6l, Druck, Bleistift, Lithografie: es scheint kaum eine Technik des bildnerischen Ausdrucks zu geben, in der er nicht brilliert.<\/p>\n\n\n\n<p>To be continued&#8230;<\/p>\n\n\n\n<figure class=\"wp-block-gallery has-nested-images columns-default is-cropped wp-block-gallery-1 is-layout-flex wp-block-gallery-is-layout-flex\">\n<figure class=\"wp-block-image size-large\"><a href=\"https:\/\/www.kein-alter-hut.de\/wp-content\/uploads\/2023\/07\/IMG-20230326-WA0017.jpg\"><img fetchpriority=\"high\" decoding=\"async\" width=\"461\" height=\"1024\" data-id=\"1023\" src=\"https:\/\/www.kein-alter-hut.de\/wp-content\/uploads\/2023\/07\/IMG-20230326-WA0017-461x1024.jpg\" alt=\"\" class=\"wp-image-1023\" srcset=\"https:\/\/www.kein-alter-hut.de\/wp-content\/uploads\/2023\/07\/IMG-20230326-WA0017-461x1024.jpg 461w, https:\/\/www.kein-alter-hut.de\/wp-content\/uploads\/2023\/07\/IMG-20230326-WA0017-135x300.jpg 135w, https:\/\/www.kein-alter-hut.de\/wp-content\/uploads\/2023\/07\/IMG-20230326-WA0017-768x1707.jpg 768w, https:\/\/www.kein-alter-hut.de\/wp-content\/uploads\/2023\/07\/IMG-20230326-WA0017-691x1536.jpg 691w, https:\/\/www.kein-alter-hut.de\/wp-content\/uploads\/2023\/07\/IMG-20230326-WA0017.jpg 900w\" sizes=\"(max-width: 461px) 100vw, 461px\" \/><\/a><\/figure>\n\n\n\n<figure class=\"wp-block-image size-large\"><a href=\"https:\/\/www.kein-alter-hut.de\/wp-content\/uploads\/2023\/07\/IMG-20230326-WA0012.jpg\"><img decoding=\"async\" width=\"1024\" height=\"461\" data-id=\"1022\" src=\"https:\/\/www.kein-alter-hut.de\/wp-content\/uploads\/2023\/07\/IMG-20230326-WA0012-1024x461.jpg\" alt=\"\" class=\"wp-image-1022\" srcset=\"https:\/\/www.kein-alter-hut.de\/wp-content\/uploads\/2023\/07\/IMG-20230326-WA0012-1024x461.jpg 1024w, https:\/\/www.kein-alter-hut.de\/wp-content\/uploads\/2023\/07\/IMG-20230326-WA0012-300x135.jpg 300w, https:\/\/www.kein-alter-hut.de\/wp-content\/uploads\/2023\/07\/IMG-20230326-WA0012-768x346.jpg 768w, https:\/\/www.kein-alter-hut.de\/wp-content\/uploads\/2023\/07\/IMG-20230326-WA0012-1536x691.jpg 1536w, https:\/\/www.kein-alter-hut.de\/wp-content\/uploads\/2023\/07\/IMG-20230326-WA0012.jpg 2000w\" sizes=\"(max-width: 1024px) 100vw, 1024px\" \/><\/a><\/figure>\n\n\n\n<figure class=\"wp-block-image size-large\"><a href=\"https:\/\/www.kein-alter-hut.de\/wp-content\/uploads\/2023\/07\/acrylic-auf-leinwand.100x70-1_red.jpg\"><img decoding=\"async\" width=\"1024\" height=\"716\" data-id=\"1020\" src=\"https:\/\/www.kein-alter-hut.de\/wp-content\/uploads\/2023\/07\/acrylic-auf-leinwand.100x70-1_red-1024x716.jpg\" alt=\"\" class=\"wp-image-1020\" srcset=\"https:\/\/www.kein-alter-hut.de\/wp-content\/uploads\/2023\/07\/acrylic-auf-leinwand.100x70-1_red-1024x716.jpg 1024w, https:\/\/www.kein-alter-hut.de\/wp-content\/uploads\/2023\/07\/acrylic-auf-leinwand.100x70-1_red-300x210.jpg 300w, https:\/\/www.kein-alter-hut.de\/wp-content\/uploads\/2023\/07\/acrylic-auf-leinwand.100x70-1_red-768x537.jpg 768w, https:\/\/www.kein-alter-hut.de\/wp-content\/uploads\/2023\/07\/acrylic-auf-leinwand.100x70-1_red-1536x1074.jpg 1536w, https:\/\/www.kein-alter-hut.de\/wp-content\/uploads\/2023\/07\/acrylic-auf-leinwand.100x70-1_red-2048x1432.jpg 2048w\" sizes=\"(max-width: 1024px) 100vw, 1024px\" \/><\/a><\/figure>\n\n\n\n<figure class=\"wp-block-image size-large\"><a href=\"https:\/\/www.kein-alter-hut.de\/wp-content\/uploads\/2023\/07\/IMG_20221111_195224-scaled.jpg\"><img loading=\"lazy\" decoding=\"async\" width=\"768\" height=\"1024\" data-id=\"1019\" src=\"https:\/\/www.kein-alter-hut.de\/wp-content\/uploads\/2023\/07\/IMG_20221111_195224-768x1024.jpg\" alt=\"\" class=\"wp-image-1019\" srcset=\"https:\/\/www.kein-alter-hut.de\/wp-content\/uploads\/2023\/07\/IMG_20221111_195224-768x1024.jpg 768w, https:\/\/www.kein-alter-hut.de\/wp-content\/uploads\/2023\/07\/IMG_20221111_195224-225x300.jpg 225w, https:\/\/www.kein-alter-hut.de\/wp-content\/uploads\/2023\/07\/IMG_20221111_195224-1152x1536.jpg 1152w, https:\/\/www.kein-alter-hut.de\/wp-content\/uploads\/2023\/07\/IMG_20221111_195224-1536x2048.jpg 1536w, https:\/\/www.kein-alter-hut.de\/wp-content\/uploads\/2023\/07\/IMG_20221111_195224-scaled.jpg 1920w\" sizes=\"(max-width: 768px) 100vw, 768px\" \/><\/a><\/figure>\n\n\n\n<figure class=\"wp-block-image size-large\"><a href=\"https:\/\/www.kein-alter-hut.de\/wp-content\/uploads\/2023\/07\/IMG_20221111_194205-1-scaled.jpg\"><img loading=\"lazy\" decoding=\"async\" width=\"1024\" height=\"768\" data-id=\"1018\" src=\"https:\/\/www.kein-alter-hut.de\/wp-content\/uploads\/2023\/07\/IMG_20221111_194205-1-1024x768.jpg\" alt=\"\" class=\"wp-image-1018\" srcset=\"https:\/\/www.kein-alter-hut.de\/wp-content\/uploads\/2023\/07\/IMG_20221111_194205-1-1024x768.jpg 1024w, https:\/\/www.kein-alter-hut.de\/wp-content\/uploads\/2023\/07\/IMG_20221111_194205-1-300x225.jpg 300w, https:\/\/www.kein-alter-hut.de\/wp-content\/uploads\/2023\/07\/IMG_20221111_194205-1-768x576.jpg 768w, https:\/\/www.kein-alter-hut.de\/wp-content\/uploads\/2023\/07\/IMG_20221111_194205-1-1536x1152.jpg 1536w, https:\/\/www.kein-alter-hut.de\/wp-content\/uploads\/2023\/07\/IMG_20221111_194205-1-2048x1536.jpg 2048w\" sizes=\"(max-width: 1024px) 100vw, 1024px\" \/><\/a><\/figure>\n\n\n\n<figure class=\"wp-block-image size-large\"><a href=\"https:\/\/www.kein-alter-hut.de\/wp-content\/uploads\/2023\/07\/PXL_20230630_173018217-scaled.jpg\"><img loading=\"lazy\" decoding=\"async\" width=\"768\" height=\"1024\" data-id=\"1017\" src=\"https:\/\/www.kein-alter-hut.de\/wp-content\/uploads\/2023\/07\/PXL_20230630_173018217-768x1024.jpg\" alt=\"\" class=\"wp-image-1017\" srcset=\"https:\/\/www.kein-alter-hut.de\/wp-content\/uploads\/2023\/07\/PXL_20230630_173018217-768x1024.jpg 768w, https:\/\/www.kein-alter-hut.de\/wp-content\/uploads\/2023\/07\/PXL_20230630_173018217-225x300.jpg 225w, https:\/\/www.kein-alter-hut.de\/wp-content\/uploads\/2023\/07\/PXL_20230630_173018217-1152x1536.jpg 1152w, https:\/\/www.kein-alter-hut.de\/wp-content\/uploads\/2023\/07\/PXL_20230630_173018217-1536x2048.jpg 1536w, https:\/\/www.kein-alter-hut.de\/wp-content\/uploads\/2023\/07\/PXL_20230630_173018217-scaled.jpg 1920w\" sizes=\"(max-width: 768px) 100vw, 768px\" \/><\/a><\/figure>\n\n\n\n<figure class=\"wp-block-image size-large\"><a href=\"https:\/\/www.kein-alter-hut.de\/wp-content\/uploads\/2023\/07\/DSC06438-scaled.jpg\"><img loading=\"lazy\" decoding=\"async\" width=\"1024\" height=\"685\" data-id=\"1016\" src=\"https:\/\/www.kein-alter-hut.de\/wp-content\/uploads\/2023\/07\/DSC06438-1024x685.jpg\" alt=\"\" class=\"wp-image-1016\" srcset=\"https:\/\/www.kein-alter-hut.de\/wp-content\/uploads\/2023\/07\/DSC06438-1024x685.jpg 1024w, https:\/\/www.kein-alter-hut.de\/wp-content\/uploads\/2023\/07\/DSC06438-300x201.jpg 300w, https:\/\/www.kein-alter-hut.de\/wp-content\/uploads\/2023\/07\/DSC06438-768x514.jpg 768w, https:\/\/www.kein-alter-hut.de\/wp-content\/uploads\/2023\/07\/DSC06438-1536x1028.jpg 1536w, https:\/\/www.kein-alter-hut.de\/wp-content\/uploads\/2023\/07\/DSC06438-2048x1371.jpg 2048w\" sizes=\"(max-width: 1024px) 100vw, 1024px\" \/><\/a><figcaption class=\"wp-element-caption\">SONY DSC<\/figcaption><\/figure>\n\n\n\n<figure class=\"wp-block-image size-large\"><a href=\"https:\/\/www.kein-alter-hut.de\/wp-content\/uploads\/2023\/07\/PXL_20230630_172418809-scaled.jpg\"><img loading=\"lazy\" decoding=\"async\" width=\"1024\" height=\"768\" data-id=\"1015\" src=\"https:\/\/www.kein-alter-hut.de\/wp-content\/uploads\/2023\/07\/PXL_20230630_172418809-1024x768.jpg\" alt=\"\" class=\"wp-image-1015\" srcset=\"https:\/\/www.kein-alter-hut.de\/wp-content\/uploads\/2023\/07\/PXL_20230630_172418809-1024x768.jpg 1024w, https:\/\/www.kein-alter-hut.de\/wp-content\/uploads\/2023\/07\/PXL_20230630_172418809-300x225.jpg 300w, https:\/\/www.kein-alter-hut.de\/wp-content\/uploads\/2023\/07\/PXL_20230630_172418809-768x576.jpg 768w, https:\/\/www.kein-alter-hut.de\/wp-content\/uploads\/2023\/07\/PXL_20230630_172418809-1536x1152.jpg 1536w, https:\/\/www.kein-alter-hut.de\/wp-content\/uploads\/2023\/07\/PXL_20230630_172418809-2048x1536.jpg 2048w\" sizes=\"(max-width: 1024px) 100vw, 1024px\" \/><\/a><\/figure>\n<\/figure>\n","protected":false},"excerpt":{"rendered":"<p>Galerie im B\u00fcrgerb\u00fcro In den R\u00e4umen unseres B\u00fcrgerb\u00fcros haben wir bereits mit der Konzeption Platz f\u00fcr verschiedene Formen von Ausstellungen bereit gestellt. Mit Ausnahme einer Krippenschau in der Adventszeit hatten wir bisher ausschlie\u00dflich bildende&#46;&#46;&#46;<\/p>\n","protected":false},"author":1,"featured_media":0,"parent":0,"menu_order":0,"comment_status":"closed","ping_status":"closed","template":"","meta":{"footnotes":""},"class_list":["post-1011","page","type-page","status-publish","hentry"],"yoast_head":"<!-- This site is optimized with the Yoast SEO plugin v27.6 - https:\/\/yoast.com\/product\/yoast-seo-wordpress\/ -->\n<title>Galerie im B\u00fcrgerb\u00fcro - Sven Meyer MdA<\/title>\n<meta name=\"robots\" content=\"index, follow, max-snippet:-1, max-image-preview:large, max-video-preview:-1\" \/>\n<link rel=\"canonical\" href=\"https:\/\/www.kein-alter-hut.de\/index.php\/ausstellungen\/\" \/>\n<meta property=\"og:locale\" content=\"de_DE\" \/>\n<meta property=\"og:type\" content=\"article\" \/>\n<meta property=\"og:title\" content=\"Galerie im B\u00fcrgerb\u00fcro - Sven Meyer MdA\" \/>\n<meta property=\"og:description\" content=\"Galerie im B\u00fcrgerb\u00fcro In den R\u00e4umen unseres B\u00fcrgerb\u00fcros haben wir bereits mit der Konzeption Platz f\u00fcr verschiedene Formen von Ausstellungen bereit gestellt. Mit Ausnahme einer Krippenschau in der Adventszeit hatten wir bisher ausschlie\u00dflich bildende&#046;&#046;&#046;\" \/>\n<meta property=\"og:url\" content=\"https:\/\/www.kein-alter-hut.de\/index.php\/ausstellungen\/\" \/>\n<meta property=\"og:site_name\" content=\"Sven Meyer MdA\" \/>\n<meta property=\"article:publisher\" content=\"https:\/\/www.facebook.com\/SvenMeyerReinickendorf\/\" \/>\n<meta property=\"article:modified_time\" content=\"2025-05-22T10:24:29+00:00\" \/>\n<meta property=\"og:image\" content=\"https:\/\/www.kein-alter-hut.de\/wp-content\/uploads\/2023\/07\/IMG-20230326-WA0017.jpg\" \/>\n\t<meta property=\"og:image:width\" content=\"900\" \/>\n\t<meta property=\"og:image:height\" content=\"2000\" \/>\n\t<meta property=\"og:image:type\" content=\"image\/jpeg\" \/>\n<meta name=\"twitter:card\" content=\"summary_large_image\" \/>\n<meta name=\"twitter:label1\" content=\"Gesch\u00e4tzte Lesezeit\" \/>\n\t<meta name=\"twitter:data1\" content=\"4\u00a0Minuten\" \/>\n<script type=\"application\/ld+json\" class=\"yoast-schema-graph\">{\"@context\":\"https:\\\/\\\/schema.org\",\"@graph\":[{\"@type\":\"WebPage\",\"@id\":\"https:\\\/\\\/www.kein-alter-hut.de\\\/index.php\\\/ausstellungen\\\/\",\"url\":\"https:\\\/\\\/www.kein-alter-hut.de\\\/index.php\\\/ausstellungen\\\/\",\"name\":\"Galerie im B\u00fcrgerb\u00fcro - Sven Meyer MdA\",\"isPartOf\":{\"@id\":\"https:\\\/\\\/www.kein-alter-hut.de\\\/#website\"},\"primaryImageOfPage\":{\"@id\":\"https:\\\/\\\/www.kein-alter-hut.de\\\/index.php\\\/ausstellungen\\\/#primaryimage\"},\"image\":{\"@id\":\"https:\\\/\\\/www.kein-alter-hut.de\\\/index.php\\\/ausstellungen\\\/#primaryimage\"},\"thumbnailUrl\":\"https:\\\/\\\/www.kein-alter-hut.de\\\/wp-content\\\/uploads\\\/2023\\\/07\\\/IMG-20230326-WA0017-461x1024.jpg\",\"datePublished\":\"2023-07-12T12:09:54+00:00\",\"dateModified\":\"2025-05-22T10:24:29+00:00\",\"breadcrumb\":{\"@id\":\"https:\\\/\\\/www.kein-alter-hut.de\\\/index.php\\\/ausstellungen\\\/#breadcrumb\"},\"inLanguage\":\"de\",\"potentialAction\":[{\"@type\":\"ReadAction\",\"target\":[\"https:\\\/\\\/www.kein-alter-hut.de\\\/index.php\\\/ausstellungen\\\/\"]}]},{\"@type\":\"ImageObject\",\"inLanguage\":\"de\",\"@id\":\"https:\\\/\\\/www.kein-alter-hut.de\\\/index.php\\\/ausstellungen\\\/#primaryimage\",\"url\":\"https:\\\/\\\/www.kein-alter-hut.de\\\/wp-content\\\/uploads\\\/2023\\\/07\\\/IMG-20230326-WA0017.jpg\",\"contentUrl\":\"https:\\\/\\\/www.kein-alter-hut.de\\\/wp-content\\\/uploads\\\/2023\\\/07\\\/IMG-20230326-WA0017.jpg\",\"width\":900,\"height\":2000},{\"@type\":\"BreadcrumbList\",\"@id\":\"https:\\\/\\\/www.kein-alter-hut.de\\\/index.php\\\/ausstellungen\\\/#breadcrumb\",\"itemListElement\":[{\"@type\":\"ListItem\",\"position\":1,\"name\":\"Startseite\",\"item\":\"https:\\\/\\\/www.kein-alter-hut.de\\\/\"},{\"@type\":\"ListItem\",\"position\":2,\"name\":\"Galerie im B\u00fcrgerb\u00fcro\"}]},{\"@type\":\"WebSite\",\"@id\":\"https:\\\/\\\/www.kein-alter-hut.de\\\/#website\",\"url\":\"https:\\\/\\\/www.kein-alter-hut.de\\\/\",\"name\":\"Sven Meyer MdA\",\"description\":\"Sven Meyer - Ihr Abgeordneter f\u00fcr Wittenau, Waidmannslust, Borsigwalde und Tegel\",\"potentialAction\":[{\"@type\":\"SearchAction\",\"target\":{\"@type\":\"EntryPoint\",\"urlTemplate\":\"https:\\\/\\\/www.kein-alter-hut.de\\\/?s={search_term_string}\"},\"query-input\":{\"@type\":\"PropertyValueSpecification\",\"valueRequired\":true,\"valueName\":\"search_term_string\"}}],\"inLanguage\":\"de\"}]}<\/script>\n<!-- \/ Yoast SEO plugin. -->","yoast_head_json":{"title":"Galerie im B\u00fcrgerb\u00fcro - Sven Meyer MdA","robots":{"index":"index","follow":"follow","max-snippet":"max-snippet:-1","max-image-preview":"max-image-preview:large","max-video-preview":"max-video-preview:-1"},"canonical":"https:\/\/www.kein-alter-hut.de\/index.php\/ausstellungen\/","og_locale":"de_DE","og_type":"article","og_title":"Galerie im B\u00fcrgerb\u00fcro - Sven Meyer MdA","og_description":"Galerie im B\u00fcrgerb\u00fcro In den R\u00e4umen unseres B\u00fcrgerb\u00fcros haben wir bereits mit der Konzeption Platz f\u00fcr verschiedene Formen von Ausstellungen bereit gestellt. Mit Ausnahme einer Krippenschau in der Adventszeit hatten wir bisher ausschlie\u00dflich bildende&#46;&#46;&#46;","og_url":"https:\/\/www.kein-alter-hut.de\/index.php\/ausstellungen\/","og_site_name":"Sven Meyer MdA","article_publisher":"https:\/\/www.facebook.com\/SvenMeyerReinickendorf\/","article_modified_time":"2025-05-22T10:24:29+00:00","og_image":[{"width":900,"height":2000,"url":"https:\/\/www.kein-alter-hut.de\/wp-content\/uploads\/2023\/07\/IMG-20230326-WA0017.jpg","type":"image\/jpeg"}],"twitter_card":"summary_large_image","twitter_misc":{"Gesch\u00e4tzte Lesezeit":"4\u00a0Minuten"},"schema":{"@context":"https:\/\/schema.org","@graph":[{"@type":"WebPage","@id":"https:\/\/www.kein-alter-hut.de\/index.php\/ausstellungen\/","url":"https:\/\/www.kein-alter-hut.de\/index.php\/ausstellungen\/","name":"Galerie im B\u00fcrgerb\u00fcro - Sven Meyer MdA","isPartOf":{"@id":"https:\/\/www.kein-alter-hut.de\/#website"},"primaryImageOfPage":{"@id":"https:\/\/www.kein-alter-hut.de\/index.php\/ausstellungen\/#primaryimage"},"image":{"@id":"https:\/\/www.kein-alter-hut.de\/index.php\/ausstellungen\/#primaryimage"},"thumbnailUrl":"https:\/\/www.kein-alter-hut.de\/wp-content\/uploads\/2023\/07\/IMG-20230326-WA0017-461x1024.jpg","datePublished":"2023-07-12T12:09:54+00:00","dateModified":"2025-05-22T10:24:29+00:00","breadcrumb":{"@id":"https:\/\/www.kein-alter-hut.de\/index.php\/ausstellungen\/#breadcrumb"},"inLanguage":"de","potentialAction":[{"@type":"ReadAction","target":["https:\/\/www.kein-alter-hut.de\/index.php\/ausstellungen\/"]}]},{"@type":"ImageObject","inLanguage":"de","@id":"https:\/\/www.kein-alter-hut.de\/index.php\/ausstellungen\/#primaryimage","url":"https:\/\/www.kein-alter-hut.de\/wp-content\/uploads\/2023\/07\/IMG-20230326-WA0017.jpg","contentUrl":"https:\/\/www.kein-alter-hut.de\/wp-content\/uploads\/2023\/07\/IMG-20230326-WA0017.jpg","width":900,"height":2000},{"@type":"BreadcrumbList","@id":"https:\/\/www.kein-alter-hut.de\/index.php\/ausstellungen\/#breadcrumb","itemListElement":[{"@type":"ListItem","position":1,"name":"Startseite","item":"https:\/\/www.kein-alter-hut.de\/"},{"@type":"ListItem","position":2,"name":"Galerie im B\u00fcrgerb\u00fcro"}]},{"@type":"WebSite","@id":"https:\/\/www.kein-alter-hut.de\/#website","url":"https:\/\/www.kein-alter-hut.de\/","name":"Sven Meyer MdA","description":"Sven Meyer - Ihr Abgeordneter f\u00fcr Wittenau, Waidmannslust, Borsigwalde und Tegel","potentialAction":[{"@type":"SearchAction","target":{"@type":"EntryPoint","urlTemplate":"https:\/\/www.kein-alter-hut.de\/?s={search_term_string}"},"query-input":{"@type":"PropertyValueSpecification","valueRequired":true,"valueName":"search_term_string"}}],"inLanguage":"de"}]}},"_links":{"self":[{"href":"https:\/\/www.kein-alter-hut.de\/index.php\/wp-json\/wp\/v2\/pages\/1011","targetHints":{"allow":["GET"]}}],"collection":[{"href":"https:\/\/www.kein-alter-hut.de\/index.php\/wp-json\/wp\/v2\/pages"}],"about":[{"href":"https:\/\/www.kein-alter-hut.de\/index.php\/wp-json\/wp\/v2\/types\/page"}],"author":[{"embeddable":true,"href":"https:\/\/www.kein-alter-hut.de\/index.php\/wp-json\/wp\/v2\/users\/1"}],"replies":[{"embeddable":true,"href":"https:\/\/www.kein-alter-hut.de\/index.php\/wp-json\/wp\/v2\/comments?post=1011"}],"version-history":[{"count":7,"href":"https:\/\/www.kein-alter-hut.de\/index.php\/wp-json\/wp\/v2\/pages\/1011\/revisions"}],"predecessor-version":[{"id":2882,"href":"https:\/\/www.kein-alter-hut.de\/index.php\/wp-json\/wp\/v2\/pages\/1011\/revisions\/2882"}],"wp:attachment":[{"href":"https:\/\/www.kein-alter-hut.de\/index.php\/wp-json\/wp\/v2\/media?parent=1011"}],"curies":[{"name":"wp","href":"https:\/\/api.w.org\/{rel}","templated":true}]}}