{"id":1048,"date":"2023-07-13T13:53:22","date_gmt":"2023-07-13T13:53:22","guid":{"rendered":"https:\/\/www.kein-alter-hut.de\/?page_id=1048"},"modified":"2024-09-26T12:19:09","modified_gmt":"2024-09-26T12:19:09","slug":"wahlkreis-kiez","status":"publish","type":"page","link":"https:\/\/www.kein-alter-hut.de\/index.php\/wahlkreis-kiez\/","title":{"rendered":"Mein Wahlkreis"},"content":{"rendered":"\n<figure class=\"wp-block-image size-large\"><a href=\"https:\/\/www.kein-alter-hut.de\/wp-content\/uploads\/2024\/09\/image-1.png\"><img fetchpriority=\"high\" decoding=\"async\" width=\"1024\" height=\"753\" src=\"https:\/\/www.kein-alter-hut.de\/wp-content\/uploads\/2024\/09\/image-1-1024x753.png\" alt=\"\" class=\"wp-image-2497\" srcset=\"https:\/\/www.kein-alter-hut.de\/wp-content\/uploads\/2024\/09\/image-1-1024x753.png 1024w, https:\/\/www.kein-alter-hut.de\/wp-content\/uploads\/2024\/09\/image-1-300x220.png 300w, https:\/\/www.kein-alter-hut.de\/wp-content\/uploads\/2024\/09\/image-1-768x564.png 768w, https:\/\/www.kein-alter-hut.de\/wp-content\/uploads\/2024\/09\/image-1.png 1147w\" sizes=\"(max-width: 1024px) 100vw, 1024px\" \/><\/a><\/figure>\n\n\n\n<p>\u00a9 CCBYSA \u00a9 OpenStreetMap contributors, Amt f\u00fcr Statistik Berlin-Brandenburg<\/p>\n\n\n\n<p>Mein Wahlkreis steht fast sinnbildlich f\u00fcr den gesamten Bezirk Reinickendorf: lebendige <a href=\"https:\/\/www.kein-alter-hut.de\/index.php\/category\/rollberge\/\">Gro\u00dfsiedlungen <\/a>grenzen an gediegene Gr\u00fcnderzeitviertel, stolze Genossenschaftsensemble an klassische Einfamilienhauszeilen. In <a href=\"https:\/\/www.kein-alter-hut.de\/index.php\/category\/tegel\/\">Tegel <\/a>n\u00f6rdlich der Berliner Stra\u00dfe, <a href=\"https:\/\/www.kein-alter-hut.de\/index.php\/category\/waidmannslust\/\">Wittenau<\/a>, <a href=\"https:\/\/www.kein-alter-hut.de\/index.php\/category\/waidmannslust\/\">Waidmannslust <\/a>und <a href=\"https:\/\/www.kein-alter-hut.de\/index.php\/category\/borsigwalde\/\">Borsigwalde <\/a>verschmelzen unvermutete Urbanit\u00e4t mit verwunschenen Oasen der Ruhe.<\/p>\n\n\n\n<p>Was auf den ersten Blick widerspr\u00fcchlich erscheinen mag, ist schlicht heterogen: Reinickendorf mag am Rand liegen, Vorstadt sein mit allen Konsequenzen. Aber er ist genauso bunt und vielf\u00e4ltig wie der Rest der Stadt: die typische Berliner Mischung die jedem und jeder Einwohner:in den Raum und die M\u00f6glichkeiten bietet, sich nach den ganz eigenen W\u00fcnschen und Bed\u00fcrfnissen zu verwirklichen.<\/p>\n\n\n\n<p>Aber der Bezirk steht nat\u00fcrlich auch vor Herausforderungen. Reinickendorf als Randbezirk muss t\u00e4glich abertausende von Pendlern bew\u00e4ltigen. Hier r\u00e4cht sich fast modellhaft die Vernachl\u00e4ssigung des \u00f6ffentlichen Nahverkehrs und des Radwegenetzes sowie die praktisch nicht existierende Kommunikation und gemeinsame Planung mit den Umlandgemeinden. Die Fixierung auf den Individualverkehr durch die Bezirksamtsmehrheit schafft t\u00e4glich neue Probleme ohne die Situation der Menschen, die gerade in einem Au\u00dfenbezirk von einer funktionierenden Infrastruktur abh\u00e4ngig sind, nennenswert zu verbessern.<\/p>\n\n\n\n<p>In meinem B\u00fcro biete ich regelm\u00e4\u00dfig Infoveranstaltungen und Diskussionen zum Thema Mobilit\u00e4t in Reinickendorf an, um mit Ihnen, den Bewohner:innen des Bezirks gemeinsam Auswege aus der verfahrenen Situation zu finden. Der t\u00e4gliche Stau wie der Zugausfall sind keine Schicksalsf\u00fcgungen, sondern Folgen falscher politischer Entscheidungen.<\/p>\n\n\n\n<p>Die Funktionalit\u00e4t der bezirklichen Verwaltung ist durch die Mehrheitsverschiebung der Wiederholungswahl praktisch vollst\u00e4ndig zum Erliegen gekommen. Ohne eine b\u00fcrgerorientierte und transparente Verwaltung sind selbst hoheitliche Pflichtaufgaben keine Selbstverst\u00e4ndlichkeit mehr.<\/p>\n\n\n\n<p>So resultieren die Probleme, f\u00fcr die ich eine L\u00f6sung erreichen konnte, zumeist aus den Vers\u00e4umnissen des Bezirksamts: das Beseitigen der immer wieder neu entstandenen M\u00fcllhalde an der R\u00e4uschstra\u00dfe wurde erst durch die Intervention des Senats auf meine Initiative hin erreicht. Das Aussitzen der v\u00f6llig unklaren Situation der VHS-Dozent:innen, die der Bezirk \u2013 genau wir die Nutzer:innnen der zentralen Bildungseinrichtung \u2013 alleine lie\u00df: erst auf eine gemeinsame Intervention mit dem Bezirksverordneten Sascha Rudloff schwenkte der Bezirk auf die Linie s\u00e4mtlicher sonstiger Verwaltungen der Stadt ein.<\/p>\n\n\n\n<p>Auch der Erhalt der Kunstschule Atrium unter den bestehenden Bedingungen, die ich mit dem BVV-Mitglied Stefan Valentin erreichte, war nur gegen den Widerstand der Fachverwaltung m\u00f6glich.<\/p>\n\n\n\n<p>Meine Ziele f\u00fcr den Wahlkreis finden Sie nach Ortsteilen geordnet (die noch fehlenden werden redaktionell erg\u00e4nzt). Kommen Sie mit mir und meinem Team ins Gespr\u00e4ch, sagen Sie uns, wo die Stadt und der Bezirk in Ihrem Kiez t\u00e4tig werden sollte. Wo wir vielleicht auch etwas \u00fcbersehen haben.<\/p>\n\n\n\n<p>Machen Sie sich nicht erst am Wahltag \u00fcber unsere m\u00f6glichen Vers\u00e4umnisse Luft, sondern geben Sie uns \u2013 gemeinsam mit Ihnen \u2013 die M\u00f6glichkeit, unseren Bezirk, unsere Kieze jeden Tag ein St\u00fcck lebenswerter zu machen.<\/p>\n\n\n\n<p><\/p>\n","protected":false},"excerpt":{"rendered":"<p>\u00a9 CCBYSA \u00a9 OpenStreetMap contributors, Amt f\u00fcr Statistik Berlin-Brandenburg Mein Wahlkreis steht fast sinnbildlich f\u00fcr den gesamten Bezirk Reinickendorf: lebendige Gro\u00dfsiedlungen grenzen an gediegene Gr\u00fcnderzeitviertel, stolze Genossenschaftsensemble an klassische Einfamilienhauszeilen. In Tegel n\u00f6rdlich der&#46;&#46;&#46;<\/p>\n","protected":false},"author":1,"featured_media":0,"parent":0,"menu_order":0,"comment_status":"closed","ping_status":"closed","template":"","meta":{"footnotes":""},"class_list":["post-1048","page","type-page","status-publish","hentry"],"yoast_head":"<!-- This site is optimized with the Yoast SEO plugin v27.4 - https:\/\/yoast.com\/product\/yoast-seo-wordpress\/ -->\n<title>Mein Wahlkreis - Sven Meyer MdA<\/title>\n<meta name=\"robots\" content=\"index, follow, max-snippet:-1, max-image-preview:large, max-video-preview:-1\" \/>\n<link rel=\"canonical\" href=\"https:\/\/www.kein-alter-hut.de\/index.php\/wahlkreis-kiez\/\" \/>\n<meta property=\"og:locale\" content=\"de_DE\" \/>\n<meta property=\"og:type\" content=\"article\" \/>\n<meta property=\"og:title\" content=\"Mein Wahlkreis - Sven Meyer MdA\" \/>\n<meta property=\"og:description\" content=\"\u00a9 CCBYSA \u00a9 OpenStreetMap contributors, Amt f\u00fcr Statistik Berlin-Brandenburg Mein Wahlkreis steht fast sinnbildlich f\u00fcr den gesamten Bezirk Reinickendorf: lebendige Gro\u00dfsiedlungen grenzen an gediegene Gr\u00fcnderzeitviertel, stolze Genossenschaftsensemble an klassische Einfamilienhauszeilen. In Tegel n\u00f6rdlich der&#046;&#046;&#046;\" \/>\n<meta property=\"og:url\" content=\"https:\/\/www.kein-alter-hut.de\/index.php\/wahlkreis-kiez\/\" \/>\n<meta property=\"og:site_name\" content=\"Sven Meyer MdA\" \/>\n<meta property=\"article:publisher\" content=\"https:\/\/www.facebook.com\/SvenMeyerReinickendorf\/\" \/>\n<meta property=\"article:modified_time\" content=\"2024-09-26T12:19:09+00:00\" \/>\n<meta property=\"og:image\" content=\"https:\/\/www.kein-alter-hut.de\/wp-content\/uploads\/2024\/09\/image-1-1024x753.png\" \/>\n<meta name=\"twitter:card\" content=\"summary_large_image\" \/>\n<meta name=\"twitter:label1\" content=\"Gesch\u00e4tzte Lesezeit\" \/>\n\t<meta name=\"twitter:data1\" content=\"3\u00a0Minuten\" \/>\n<script type=\"application\/ld+json\" class=\"yoast-schema-graph\">{\"@context\":\"https:\\\/\\\/schema.org\",\"@graph\":[{\"@type\":\"WebPage\",\"@id\":\"https:\\\/\\\/www.kein-alter-hut.de\\\/index.php\\\/wahlkreis-kiez\\\/\",\"url\":\"https:\\\/\\\/www.kein-alter-hut.de\\\/index.php\\\/wahlkreis-kiez\\\/\",\"name\":\"Mein Wahlkreis - Sven Meyer MdA\",\"isPartOf\":{\"@id\":\"https:\\\/\\\/www.kein-alter-hut.de\\\/#website\"},\"primaryImageOfPage\":{\"@id\":\"https:\\\/\\\/www.kein-alter-hut.de\\\/index.php\\\/wahlkreis-kiez\\\/#primaryimage\"},\"image\":{\"@id\":\"https:\\\/\\\/www.kein-alter-hut.de\\\/index.php\\\/wahlkreis-kiez\\\/#primaryimage\"},\"thumbnailUrl\":\"https:\\\/\\\/www.kein-alter-hut.de\\\/wp-content\\\/uploads\\\/2024\\\/09\\\/image-1-1024x753.png\",\"datePublished\":\"2023-07-13T13:53:22+00:00\",\"dateModified\":\"2024-09-26T12:19:09+00:00\",\"breadcrumb\":{\"@id\":\"https:\\\/\\\/www.kein-alter-hut.de\\\/index.php\\\/wahlkreis-kiez\\\/#breadcrumb\"},\"inLanguage\":\"de\",\"potentialAction\":[{\"@type\":\"ReadAction\",\"target\":[\"https:\\\/\\\/www.kein-alter-hut.de\\\/index.php\\\/wahlkreis-kiez\\\/\"]}]},{\"@type\":\"ImageObject\",\"inLanguage\":\"de\",\"@id\":\"https:\\\/\\\/www.kein-alter-hut.de\\\/index.php\\\/wahlkreis-kiez\\\/#primaryimage\",\"url\":\"https:\\\/\\\/www.kein-alter-hut.de\\\/wp-content\\\/uploads\\\/2024\\\/09\\\/image-1.png\",\"contentUrl\":\"https:\\\/\\\/www.kein-alter-hut.de\\\/wp-content\\\/uploads\\\/2024\\\/09\\\/image-1.png\",\"width\":1147,\"height\":843},{\"@type\":\"BreadcrumbList\",\"@id\":\"https:\\\/\\\/www.kein-alter-hut.de\\\/index.php\\\/wahlkreis-kiez\\\/#breadcrumb\",\"itemListElement\":[{\"@type\":\"ListItem\",\"position\":1,\"name\":\"Startseite\",\"item\":\"https:\\\/\\\/www.kein-alter-hut.de\\\/\"},{\"@type\":\"ListItem\",\"position\":2,\"name\":\"Mein Wahlkreis\"}]},{\"@type\":\"WebSite\",\"@id\":\"https:\\\/\\\/www.kein-alter-hut.de\\\/#website\",\"url\":\"https:\\\/\\\/www.kein-alter-hut.de\\\/\",\"name\":\"Sven Meyer MdA\",\"description\":\"Sven Meyer - Ihr Abgeordneter f\u00fcr Wittenau, Waidmannslust, Borsigwalde und Tegel\",\"potentialAction\":[{\"@type\":\"SearchAction\",\"target\":{\"@type\":\"EntryPoint\",\"urlTemplate\":\"https:\\\/\\\/www.kein-alter-hut.de\\\/?s={search_term_string}\"},\"query-input\":{\"@type\":\"PropertyValueSpecification\",\"valueRequired\":true,\"valueName\":\"search_term_string\"}}],\"inLanguage\":\"de\"}]}<\/script>\n<!-- \/ Yoast SEO plugin. -->","yoast_head_json":{"title":"Mein Wahlkreis - Sven Meyer MdA","robots":{"index":"index","follow":"follow","max-snippet":"max-snippet:-1","max-image-preview":"max-image-preview:large","max-video-preview":"max-video-preview:-1"},"canonical":"https:\/\/www.kein-alter-hut.de\/index.php\/wahlkreis-kiez\/","og_locale":"de_DE","og_type":"article","og_title":"Mein Wahlkreis - Sven Meyer MdA","og_description":"\u00a9 CCBYSA \u00a9 OpenStreetMap contributors, Amt f\u00fcr Statistik Berlin-Brandenburg Mein Wahlkreis steht fast sinnbildlich f\u00fcr den gesamten Bezirk Reinickendorf: lebendige Gro\u00dfsiedlungen grenzen an gediegene Gr\u00fcnderzeitviertel, stolze Genossenschaftsensemble an klassische Einfamilienhauszeilen. In Tegel n\u00f6rdlich der&#46;&#46;&#46;","og_url":"https:\/\/www.kein-alter-hut.de\/index.php\/wahlkreis-kiez\/","og_site_name":"Sven Meyer MdA","article_publisher":"https:\/\/www.facebook.com\/SvenMeyerReinickendorf\/","article_modified_time":"2024-09-26T12:19:09+00:00","og_image":[{"url":"https:\/\/www.kein-alter-hut.de\/wp-content\/uploads\/2024\/09\/image-1-1024x753.png","type":"","width":"","height":""}],"twitter_card":"summary_large_image","twitter_misc":{"Gesch\u00e4tzte Lesezeit":"3\u00a0Minuten"},"schema":{"@context":"https:\/\/schema.org","@graph":[{"@type":"WebPage","@id":"https:\/\/www.kein-alter-hut.de\/index.php\/wahlkreis-kiez\/","url":"https:\/\/www.kein-alter-hut.de\/index.php\/wahlkreis-kiez\/","name":"Mein Wahlkreis - Sven Meyer MdA","isPartOf":{"@id":"https:\/\/www.kein-alter-hut.de\/#website"},"primaryImageOfPage":{"@id":"https:\/\/www.kein-alter-hut.de\/index.php\/wahlkreis-kiez\/#primaryimage"},"image":{"@id":"https:\/\/www.kein-alter-hut.de\/index.php\/wahlkreis-kiez\/#primaryimage"},"thumbnailUrl":"https:\/\/www.kein-alter-hut.de\/wp-content\/uploads\/2024\/09\/image-1-1024x753.png","datePublished":"2023-07-13T13:53:22+00:00","dateModified":"2024-09-26T12:19:09+00:00","breadcrumb":{"@id":"https:\/\/www.kein-alter-hut.de\/index.php\/wahlkreis-kiez\/#breadcrumb"},"inLanguage":"de","potentialAction":[{"@type":"ReadAction","target":["https:\/\/www.kein-alter-hut.de\/index.php\/wahlkreis-kiez\/"]}]},{"@type":"ImageObject","inLanguage":"de","@id":"https:\/\/www.kein-alter-hut.de\/index.php\/wahlkreis-kiez\/#primaryimage","url":"https:\/\/www.kein-alter-hut.de\/wp-content\/uploads\/2024\/09\/image-1.png","contentUrl":"https:\/\/www.kein-alter-hut.de\/wp-content\/uploads\/2024\/09\/image-1.png","width":1147,"height":843},{"@type":"BreadcrumbList","@id":"https:\/\/www.kein-alter-hut.de\/index.php\/wahlkreis-kiez\/#breadcrumb","itemListElement":[{"@type":"ListItem","position":1,"name":"Startseite","item":"https:\/\/www.kein-alter-hut.de\/"},{"@type":"ListItem","position":2,"name":"Mein Wahlkreis"}]},{"@type":"WebSite","@id":"https:\/\/www.kein-alter-hut.de\/#website","url":"https:\/\/www.kein-alter-hut.de\/","name":"Sven Meyer MdA","description":"Sven Meyer - Ihr Abgeordneter f\u00fcr Wittenau, Waidmannslust, Borsigwalde und Tegel","potentialAction":[{"@type":"SearchAction","target":{"@type":"EntryPoint","urlTemplate":"https:\/\/www.kein-alter-hut.de\/?s={search_term_string}"},"query-input":{"@type":"PropertyValueSpecification","valueRequired":true,"valueName":"search_term_string"}}],"inLanguage":"de"}]}},"_links":{"self":[{"href":"https:\/\/www.kein-alter-hut.de\/index.php\/wp-json\/wp\/v2\/pages\/1048","targetHints":{"allow":["GET"]}}],"collection":[{"href":"https:\/\/www.kein-alter-hut.de\/index.php\/wp-json\/wp\/v2\/pages"}],"about":[{"href":"https:\/\/www.kein-alter-hut.de\/index.php\/wp-json\/wp\/v2\/types\/page"}],"author":[{"embeddable":true,"href":"https:\/\/www.kein-alter-hut.de\/index.php\/wp-json\/wp\/v2\/users\/1"}],"replies":[{"embeddable":true,"href":"https:\/\/www.kein-alter-hut.de\/index.php\/wp-json\/wp\/v2\/comments?post=1048"}],"version-history":[{"count":6,"href":"https:\/\/www.kein-alter-hut.de\/index.php\/wp-json\/wp\/v2\/pages\/1048\/revisions"}],"predecessor-version":[{"id":2501,"href":"https:\/\/www.kein-alter-hut.de\/index.php\/wp-json\/wp\/v2\/pages\/1048\/revisions\/2501"}],"wp:attachment":[{"href":"https:\/\/www.kein-alter-hut.de\/index.php\/wp-json\/wp\/v2\/media?parent=1048"}],"curies":[{"name":"wp","href":"https:\/\/api.w.org\/{rel}","templated":true}]}}