{"id":251,"date":"2022-10-31T13:45:19","date_gmt":"2022-10-31T13:45:19","guid":{"rendered":"https:\/\/www.kein-alter-hut.de\/?page_id=251"},"modified":"2025-09-03T10:22:09","modified_gmt":"2025-09-03T10:22:09","slug":"buergerbuero","status":"publish","type":"page","link":"https:\/\/www.kein-alter-hut.de\/index.php\/buergerbuero\/","title":{"rendered":"B\u00fcrgerb\u00fcro"},"content":{"rendered":"<div class=\"wp-block-image\">\n<figure class=\"alignleft size-full is-resized\"><img fetchpriority=\"high\" decoding=\"async\" width=\"683\" height=\"1024\" src=\"https:\/\/www.kein-alter-hut.de\/wp-content\/uploads\/2022\/10\/BueroEroeffnung-5758_reduziert-683x1024-1.jpg\" alt=\"\" class=\"wp-image-252\" style=\"width:342px;height:512px\" srcset=\"https:\/\/www.kein-alter-hut.de\/wp-content\/uploads\/2022\/10\/BueroEroeffnung-5758_reduziert-683x1024-1.jpg 683w, https:\/\/www.kein-alter-hut.de\/wp-content\/uploads\/2022\/10\/BueroEroeffnung-5758_reduziert-683x1024-1-200x300.jpg 200w\" sizes=\"(max-width: 683px) 100vw, 683px\" \/><\/figure>\n<\/div>\n\n\n<p><\/p>\n\n\n\n<p class=\"has-text-align-left\">Unser B\u00fcrgerb\u00fcro finden Sie in der <a href=\"https:\/\/goo.gl\/maps\/B4EtGPughCBYXoK78\">Gru\u00dfdorfstr. 16 in 13507 Berlin-Tegel<\/a>.<br>Unsere \u00d6ffnungszeiten sind<\/p>\n\n\n\n<ul class=\"wp-block-list\">\n<li>Dienstags von 10 &#8211; 14 Uhr<\/li>\n\n\n\n<li>Donnerstags von 10 &#8211; 13 und von 14 &#8211; 18 Uhr<\/li>\n\n\n\n<li>Freitags von 13 bis 17 Uhr.<br><\/li>\n<\/ul>\n\n\n\n<p>Au\u00dferhalb unserer Sprechzeiten erreichen Sie uns <\/p>\n\n\n\n<ul class=\"wp-block-list\">\n<li>digital unter <a href=\"mailto:info@sven-meyer.berlin\" target=\"_blank\" rel=\"noreferrer noopener\">info@sven-meyer.berlin<\/a><\/li>\n\n\n\n<li>fernm\u00fcndlich unter (030) 91 47 89 67 <\/li>\n\n\n\n<li>und sogar noch per Fax unter (030) 91 48 14 89.<\/li>\n<\/ul>\n\n\n\n<p><\/p>\n\n\n\n<p><\/p>\n\n\n\n<p><\/p>\n\n\n\n<p><br><br><br><br><\/p>\n\n\n\n<p><br><br><br><\/p>\n\n\n<div class=\"wp-block-image\">\n<figure class=\"alignleft size-full\"><a href=\"https:\/\/www.google.de\/maps\/place\/Gru\u00dfdorfstra\u00dfe+16,+13507+Berlin\/@52.5885208,13.2865272,17z\/data=!3m1!4b1!4m6!3m5!1s0x47a8546811c2af63:0x6f5ed456961fa9cb!8m2!3d52.5885208!4d13.2865272!16s%2Fg%2F11c5mbrnj5?entry=ttu\" target=\"_blank\" rel=\"noreferrer noopener\"><img decoding=\"async\" width=\"587\" height=\"330\" src=\"https:\/\/www.kein-alter-hut.de\/wp-content\/uploads\/2024\/07\/image-3.png\" alt=\"\" class=\"wp-image-2337\" srcset=\"https:\/\/www.kein-alter-hut.de\/wp-content\/uploads\/2024\/07\/image-3.png 587w, https:\/\/www.kein-alter-hut.de\/wp-content\/uploads\/2024\/07\/image-3-300x169.png 300w\" sizes=\"(max-width: 587px) 100vw, 587px\" \/><\/a><\/figure>\n<\/div>\n\n\n<p><\/p>\n","protected":false},"excerpt":{"rendered":"<p>Unser B\u00fcrgerb\u00fcro finden Sie in der Gru\u00dfdorfstr. 16 in 13507 Berlin-Tegel.Unsere \u00d6ffnungszeiten sind Au\u00dferhalb unserer Sprechzeiten erreichen Sie uns<\/p>\n","protected":false},"author":1,"featured_media":0,"parent":0,"menu_order":0,"comment_status":"closed","ping_status":"closed","template":"","meta":{"footnotes":""},"class_list":["post-251","page","type-page","status-publish","hentry"],"yoast_head":"<!-- This site is optimized with the Yoast SEO plugin v27.4 - https:\/\/yoast.com\/product\/yoast-seo-wordpress\/ -->\n<title>B\u00fcrgerb\u00fcro - Sven Meyer MdA<\/title>\n<meta name=\"robots\" content=\"index, follow, max-snippet:-1, max-image-preview:large, max-video-preview:-1\" \/>\n<link rel=\"canonical\" href=\"https:\/\/www.kein-alter-hut.de\/index.php\/buergerbuero\/\" \/>\n<meta property=\"og:locale\" content=\"de_DE\" \/>\n<meta property=\"og:type\" content=\"article\" \/>\n<meta property=\"og:title\" content=\"B\u00fcrgerb\u00fcro - Sven Meyer MdA\" \/>\n<meta property=\"og:description\" content=\"Unser B\u00fcrgerb\u00fcro finden Sie in der Gru\u00dfdorfstr. 16 in 13507 Berlin-Tegel.Unsere \u00d6ffnungszeiten sind Au\u00dferhalb unserer Sprechzeiten erreichen Sie uns\" \/>\n<meta property=\"og:url\" content=\"https:\/\/www.kein-alter-hut.de\/index.php\/buergerbuero\/\" \/>\n<meta property=\"og:site_name\" content=\"Sven Meyer MdA\" \/>\n<meta property=\"article:publisher\" content=\"https:\/\/www.facebook.com\/SvenMeyerReinickendorf\/\" \/>\n<meta property=\"article:modified_time\" content=\"2025-09-03T10:22:09+00:00\" \/>\n<meta property=\"og:image\" content=\"https:\/\/www.kein-alter-hut.de\/wp-content\/uploads\/2022\/10\/BueroEroeffnung-5758_reduziert-683x1024-1.jpg\" \/>\n\t<meta property=\"og:image:width\" content=\"683\" \/>\n\t<meta property=\"og:image:height\" content=\"1024\" \/>\n\t<meta property=\"og:image:type\" content=\"image\/jpeg\" \/>\n<meta name=\"twitter:card\" content=\"summary_large_image\" \/>\n<meta name=\"twitter:label1\" content=\"Gesch\u00e4tzte Lesezeit\" \/>\n\t<meta name=\"twitter:data1\" content=\"1\u00a0Minute\" \/>\n<script type=\"application\/ld+json\" class=\"yoast-schema-graph\">{\"@context\":\"https:\\\/\\\/schema.org\",\"@graph\":[{\"@type\":\"WebPage\",\"@id\":\"https:\\\/\\\/www.kein-alter-hut.de\\\/index.php\\\/buergerbuero\\\/\",\"url\":\"https:\\\/\\\/www.kein-alter-hut.de\\\/index.php\\\/buergerbuero\\\/\",\"name\":\"B\u00fcrgerb\u00fcro - Sven Meyer MdA\",\"isPartOf\":{\"@id\":\"https:\\\/\\\/www.kein-alter-hut.de\\\/#website\"},\"primaryImageOfPage\":{\"@id\":\"https:\\\/\\\/www.kein-alter-hut.de\\\/index.php\\\/buergerbuero\\\/#primaryimage\"},\"image\":{\"@id\":\"https:\\\/\\\/www.kein-alter-hut.de\\\/index.php\\\/buergerbuero\\\/#primaryimage\"},\"thumbnailUrl\":\"https:\\\/\\\/www.kein-alter-hut.de\\\/wp-content\\\/uploads\\\/2022\\\/10\\\/BueroEroeffnung-5758_reduziert-683x1024-1.jpg\",\"datePublished\":\"2022-10-31T13:45:19+00:00\",\"dateModified\":\"2025-09-03T10:22:09+00:00\",\"breadcrumb\":{\"@id\":\"https:\\\/\\\/www.kein-alter-hut.de\\\/index.php\\\/buergerbuero\\\/#breadcrumb\"},\"inLanguage\":\"de\",\"potentialAction\":[{\"@type\":\"ReadAction\",\"target\":[\"https:\\\/\\\/www.kein-alter-hut.de\\\/index.php\\\/buergerbuero\\\/\"]}]},{\"@type\":\"ImageObject\",\"inLanguage\":\"de\",\"@id\":\"https:\\\/\\\/www.kein-alter-hut.de\\\/index.php\\\/buergerbuero\\\/#primaryimage\",\"url\":\"https:\\\/\\\/www.kein-alter-hut.de\\\/wp-content\\\/uploads\\\/2022\\\/10\\\/BueroEroeffnung-5758_reduziert-683x1024-1.jpg\",\"contentUrl\":\"https:\\\/\\\/www.kein-alter-hut.de\\\/wp-content\\\/uploads\\\/2022\\\/10\\\/BueroEroeffnung-5758_reduziert-683x1024-1.jpg\",\"width\":683,\"height\":1024},{\"@type\":\"BreadcrumbList\",\"@id\":\"https:\\\/\\\/www.kein-alter-hut.de\\\/index.php\\\/buergerbuero\\\/#breadcrumb\",\"itemListElement\":[{\"@type\":\"ListItem\",\"position\":1,\"name\":\"Startseite\",\"item\":\"https:\\\/\\\/www.kein-alter-hut.de\\\/\"},{\"@type\":\"ListItem\",\"position\":2,\"name\":\"B\u00fcrgerb\u00fcro\"}]},{\"@type\":\"WebSite\",\"@id\":\"https:\\\/\\\/www.kein-alter-hut.de\\\/#website\",\"url\":\"https:\\\/\\\/www.kein-alter-hut.de\\\/\",\"name\":\"Sven Meyer MdA\",\"description\":\"Sven Meyer - Ihr Abgeordneter f\u00fcr Wittenau, Waidmannslust, Borsigwalde und Tegel\",\"potentialAction\":[{\"@type\":\"SearchAction\",\"target\":{\"@type\":\"EntryPoint\",\"urlTemplate\":\"https:\\\/\\\/www.kein-alter-hut.de\\\/?s={search_term_string}\"},\"query-input\":{\"@type\":\"PropertyValueSpecification\",\"valueRequired\":true,\"valueName\":\"search_term_string\"}}],\"inLanguage\":\"de\"}]}<\/script>\n<!-- \/ Yoast SEO plugin. -->","yoast_head_json":{"title":"B\u00fcrgerb\u00fcro - Sven Meyer MdA","robots":{"index":"index","follow":"follow","max-snippet":"max-snippet:-1","max-image-preview":"max-image-preview:large","max-video-preview":"max-video-preview:-1"},"canonical":"https:\/\/www.kein-alter-hut.de\/index.php\/buergerbuero\/","og_locale":"de_DE","og_type":"article","og_title":"B\u00fcrgerb\u00fcro - Sven Meyer MdA","og_description":"Unser B\u00fcrgerb\u00fcro finden Sie in der Gru\u00dfdorfstr. 16 in 13507 Berlin-Tegel.Unsere \u00d6ffnungszeiten sind Au\u00dferhalb unserer Sprechzeiten erreichen Sie uns","og_url":"https:\/\/www.kein-alter-hut.de\/index.php\/buergerbuero\/","og_site_name":"Sven Meyer MdA","article_publisher":"https:\/\/www.facebook.com\/SvenMeyerReinickendorf\/","article_modified_time":"2025-09-03T10:22:09+00:00","og_image":[{"width":683,"height":1024,"url":"https:\/\/www.kein-alter-hut.de\/wp-content\/uploads\/2022\/10\/BueroEroeffnung-5758_reduziert-683x1024-1.jpg","type":"image\/jpeg"}],"twitter_card":"summary_large_image","twitter_misc":{"Gesch\u00e4tzte Lesezeit":"1\u00a0Minute"},"schema":{"@context":"https:\/\/schema.org","@graph":[{"@type":"WebPage","@id":"https:\/\/www.kein-alter-hut.de\/index.php\/buergerbuero\/","url":"https:\/\/www.kein-alter-hut.de\/index.php\/buergerbuero\/","name":"B\u00fcrgerb\u00fcro - Sven Meyer MdA","isPartOf":{"@id":"https:\/\/www.kein-alter-hut.de\/#website"},"primaryImageOfPage":{"@id":"https:\/\/www.kein-alter-hut.de\/index.php\/buergerbuero\/#primaryimage"},"image":{"@id":"https:\/\/www.kein-alter-hut.de\/index.php\/buergerbuero\/#primaryimage"},"thumbnailUrl":"https:\/\/www.kein-alter-hut.de\/wp-content\/uploads\/2022\/10\/BueroEroeffnung-5758_reduziert-683x1024-1.jpg","datePublished":"2022-10-31T13:45:19+00:00","dateModified":"2025-09-03T10:22:09+00:00","breadcrumb":{"@id":"https:\/\/www.kein-alter-hut.de\/index.php\/buergerbuero\/#breadcrumb"},"inLanguage":"de","potentialAction":[{"@type":"ReadAction","target":["https:\/\/www.kein-alter-hut.de\/index.php\/buergerbuero\/"]}]},{"@type":"ImageObject","inLanguage":"de","@id":"https:\/\/www.kein-alter-hut.de\/index.php\/buergerbuero\/#primaryimage","url":"https:\/\/www.kein-alter-hut.de\/wp-content\/uploads\/2022\/10\/BueroEroeffnung-5758_reduziert-683x1024-1.jpg","contentUrl":"https:\/\/www.kein-alter-hut.de\/wp-content\/uploads\/2022\/10\/BueroEroeffnung-5758_reduziert-683x1024-1.jpg","width":683,"height":1024},{"@type":"BreadcrumbList","@id":"https:\/\/www.kein-alter-hut.de\/index.php\/buergerbuero\/#breadcrumb","itemListElement":[{"@type":"ListItem","position":1,"name":"Startseite","item":"https:\/\/www.kein-alter-hut.de\/"},{"@type":"ListItem","position":2,"name":"B\u00fcrgerb\u00fcro"}]},{"@type":"WebSite","@id":"https:\/\/www.kein-alter-hut.de\/#website","url":"https:\/\/www.kein-alter-hut.de\/","name":"Sven Meyer MdA","description":"Sven Meyer - Ihr Abgeordneter f\u00fcr Wittenau, Waidmannslust, Borsigwalde und Tegel","potentialAction":[{"@type":"SearchAction","target":{"@type":"EntryPoint","urlTemplate":"https:\/\/www.kein-alter-hut.de\/?s={search_term_string}"},"query-input":{"@type":"PropertyValueSpecification","valueRequired":true,"valueName":"search_term_string"}}],"inLanguage":"de"}]}},"_links":{"self":[{"href":"https:\/\/www.kein-alter-hut.de\/index.php\/wp-json\/wp\/v2\/pages\/251","targetHints":{"allow":["GET"]}}],"collection":[{"href":"https:\/\/www.kein-alter-hut.de\/index.php\/wp-json\/wp\/v2\/pages"}],"about":[{"href":"https:\/\/www.kein-alter-hut.de\/index.php\/wp-json\/wp\/v2\/types\/page"}],"author":[{"embeddable":true,"href":"https:\/\/www.kein-alter-hut.de\/index.php\/wp-json\/wp\/v2\/users\/1"}],"replies":[{"embeddable":true,"href":"https:\/\/www.kein-alter-hut.de\/index.php\/wp-json\/wp\/v2\/comments?post=251"}],"version-history":[{"count":16,"href":"https:\/\/www.kein-alter-hut.de\/index.php\/wp-json\/wp\/v2\/pages\/251\/revisions"}],"predecessor-version":[{"id":2344,"href":"https:\/\/www.kein-alter-hut.de\/index.php\/wp-json\/wp\/v2\/pages\/251\/revisions\/2344"}],"wp:attachment":[{"href":"https:\/\/www.kein-alter-hut.de\/index.php\/wp-json\/wp\/v2\/media?parent=251"}],"curies":[{"name":"wp","href":"https:\/\/api.w.org\/{rel}","templated":true}]}}