{"id":3197,"date":"2026-02-04T13:54:51","date_gmt":"2026-02-04T13:54:51","guid":{"rendered":"https:\/\/www.kein-alter-hut.de\/?page_id=3197"},"modified":"2026-02-05T15:27:04","modified_gmt":"2026-02-05T15:27:04","slug":"beratung-im-buergerbuero","status":"publish","type":"page","link":"https:\/\/www.kein-alter-hut.de\/index.php\/beratung-im-buergerbuero\/","title":{"rendered":"Beratung im B\u00fcrgerb\u00fcro"},"content":{"rendered":"\n<p class=\"has-medium-font-size\"><strong>Hier finden Sie einen Ausschnitt unserer regelm\u00e4\u00dfigen Beratungsangebote.<\/strong><\/p>\n\n\n\n<p>Achten Sie auf unsere Ank\u00fcndigungen oder abonnieren Sie am besten unseren <a href=\"mailto:info@sven-meyer.berlin\">\u2192 Newsletter<\/a>.<\/p>\n\n\n<div class=\"wp-block-image\">\n<figure class=\"alignleft size-large is-resized\"><img fetchpriority=\"high\" decoding=\"async\" width=\"1024\" height=\"730\" src=\"https:\/\/www.kein-alter-hut.de\/wp-content\/uploads\/2026\/02\/1-1024x730.png\" alt=\"\" class=\"wp-image-3198\" style=\"aspect-ratio:1.4027439170132416;width:631px;height:auto\" srcset=\"https:\/\/www.kein-alter-hut.de\/wp-content\/uploads\/2026\/02\/1-1024x730.png 1024w, https:\/\/www.kein-alter-hut.de\/wp-content\/uploads\/2026\/02\/1-300x214.png 300w, https:\/\/www.kein-alter-hut.de\/wp-content\/uploads\/2026\/02\/1-768x548.png 768w, https:\/\/www.kein-alter-hut.de\/wp-content\/uploads\/2026\/02\/1-1536x1095.png 1536w, https:\/\/www.kein-alter-hut.de\/wp-content\/uploads\/2026\/02\/1.png 2000w\" sizes=\"(max-width: 1024px) 100vw, 1024px\" \/><\/figure>\n<\/div>\n\n<div class=\"wp-block-image\">\n<figure class=\"alignright size-large is-resized\"><img decoding=\"async\" width=\"1024\" height=\"730\" src=\"https:\/\/www.kein-alter-hut.de\/wp-content\/uploads\/2026\/02\/2-1024x730.png\" alt=\"\" class=\"wp-image-3199\" style=\"aspect-ratio:1.4027439170132416;width:641px;height:auto\" srcset=\"https:\/\/www.kein-alter-hut.de\/wp-content\/uploads\/2026\/02\/2-1024x730.png 1024w, https:\/\/www.kein-alter-hut.de\/wp-content\/uploads\/2026\/02\/2-300x214.png 300w, https:\/\/www.kein-alter-hut.de\/wp-content\/uploads\/2026\/02\/2-768x548.png 768w, https:\/\/www.kein-alter-hut.de\/wp-content\/uploads\/2026\/02\/2-1536x1095.png 1536w, https:\/\/www.kein-alter-hut.de\/wp-content\/uploads\/2026\/02\/2.png 2000w\" sizes=\"(max-width: 1024px) 100vw, 1024px\" \/><\/figure>\n<\/div>\n\n\n<figure class=\"wp-block-image size-large is-resized\"><img decoding=\"async\" width=\"730\" height=\"1024\" src=\"https:\/\/www.kein-alter-hut.de\/wp-content\/uploads\/2026\/02\/bvv-730x1024.png\" alt=\"\" class=\"wp-image-3267\" style=\"width:576px;height:auto\" srcset=\"https:\/\/www.kein-alter-hut.de\/wp-content\/uploads\/2026\/02\/bvv-730x1024.png 730w, https:\/\/www.kein-alter-hut.de\/wp-content\/uploads\/2026\/02\/bvv-214x300.png 214w, https:\/\/www.kein-alter-hut.de\/wp-content\/uploads\/2026\/02\/bvv-768x1077.png 768w, https:\/\/www.kein-alter-hut.de\/wp-content\/uploads\/2026\/02\/bvv.png 1095w\" sizes=\"(max-width: 730px) 100vw, 730px\" \/><\/figure>\n\n\n<div class=\"wp-block-image\">\n<figure class=\"alignright size-large is-resized\"><img loading=\"lazy\" decoding=\"async\" width=\"730\" height=\"1024\" src=\"https:\/\/www.kein-alter-hut.de\/wp-content\/uploads\/2026\/02\/Handy-Hilfe-2025-08-A4-1-730x1024.png\" alt=\"\" class=\"wp-image-3201\" style=\"width:478px;height:auto\" srcset=\"https:\/\/www.kein-alter-hut.de\/wp-content\/uploads\/2026\/02\/Handy-Hilfe-2025-08-A4-1-730x1024.png 730w, https:\/\/www.kein-alter-hut.de\/wp-content\/uploads\/2026\/02\/Handy-Hilfe-2025-08-A4-1-214x300.png 214w, https:\/\/www.kein-alter-hut.de\/wp-content\/uploads\/2026\/02\/Handy-Hilfe-2025-08-A4-1-768x1077.png 768w, https:\/\/www.kein-alter-hut.de\/wp-content\/uploads\/2026\/02\/Handy-Hilfe-2025-08-A4-1-1095x1536.png 1095w, https:\/\/www.kein-alter-hut.de\/wp-content\/uploads\/2026\/02\/Handy-Hilfe-2025-08-A4-1.png 1426w\" sizes=\"(max-width: 730px) 100vw, 730px\" \/><\/figure>\n<\/div>","protected":false},"excerpt":{"rendered":"<p>Hier finden Sie einen Ausschnitt unserer regelm\u00e4\u00dfigen Beratungsangebote. Achten Sie auf unsere Ank\u00fcndigungen oder abonnieren Sie am besten unseren \u2192 Newsletter.<\/p>\n","protected":false},"author":1,"featured_media":0,"parent":0,"menu_order":0,"comment_status":"closed","ping_status":"closed","template":"","meta":{"footnotes":""},"class_list":["post-3197","page","type-page","status-publish","hentry"],"yoast_head":"<!-- This site is optimized with the Yoast SEO plugin v27.5 - https:\/\/yoast.com\/product\/yoast-seo-wordpress\/ -->\n<title>Beratung im B\u00fcrgerb\u00fcro - Sven Meyer MdA<\/title>\n<meta name=\"robots\" content=\"index, follow, max-snippet:-1, max-image-preview:large, max-video-preview:-1\" \/>\n<link rel=\"canonical\" href=\"https:\/\/www.kein-alter-hut.de\/index.php\/beratung-im-buergerbuero\/\" \/>\n<meta property=\"og:locale\" content=\"de_DE\" \/>\n<meta property=\"og:type\" content=\"article\" \/>\n<meta property=\"og:title\" content=\"Beratung im B\u00fcrgerb\u00fcro - Sven Meyer MdA\" \/>\n<meta property=\"og:description\" content=\"Hier finden Sie einen Ausschnitt unserer regelm\u00e4\u00dfigen Beratungsangebote. Achten Sie auf unsere Ank\u00fcndigungen oder abonnieren Sie am besten unseren \u2192 Newsletter.\" \/>\n<meta property=\"og:url\" content=\"https:\/\/www.kein-alter-hut.de\/index.php\/beratung-im-buergerbuero\/\" \/>\n<meta property=\"og:site_name\" content=\"Sven Meyer MdA\" \/>\n<meta property=\"article:publisher\" content=\"https:\/\/www.facebook.com\/SvenMeyerReinickendorf\/\" \/>\n<meta property=\"article:modified_time\" content=\"2026-02-05T15:27:04+00:00\" \/>\n<meta property=\"og:image\" content=\"https:\/\/www.kein-alter-hut.de\/wp-content\/uploads\/2026\/02\/1.png\" \/>\n\t<meta property=\"og:image:width\" content=\"2000\" \/>\n\t<meta property=\"og:image:height\" content=\"1426\" \/>\n\t<meta property=\"og:image:type\" content=\"image\/png\" \/>\n<meta name=\"twitter:card\" content=\"summary_large_image\" \/>\n<meta name=\"twitter:label1\" content=\"Gesch\u00e4tzte Lesezeit\" \/>\n\t<meta name=\"twitter:data1\" content=\"1\u00a0Minute\" \/>\n<script type=\"application\/ld+json\" class=\"yoast-schema-graph\">{\"@context\":\"https:\\\/\\\/schema.org\",\"@graph\":[{\"@type\":\"WebPage\",\"@id\":\"https:\\\/\\\/www.kein-alter-hut.de\\\/index.php\\\/beratung-im-buergerbuero\\\/\",\"url\":\"https:\\\/\\\/www.kein-alter-hut.de\\\/index.php\\\/beratung-im-buergerbuero\\\/\",\"name\":\"Beratung im B\u00fcrgerb\u00fcro - Sven Meyer MdA\",\"isPartOf\":{\"@id\":\"https:\\\/\\\/www.kein-alter-hut.de\\\/#website\"},\"primaryImageOfPage\":{\"@id\":\"https:\\\/\\\/www.kein-alter-hut.de\\\/index.php\\\/beratung-im-buergerbuero\\\/#primaryimage\"},\"image\":{\"@id\":\"https:\\\/\\\/www.kein-alter-hut.de\\\/index.php\\\/beratung-im-buergerbuero\\\/#primaryimage\"},\"thumbnailUrl\":\"https:\\\/\\\/www.kein-alter-hut.de\\\/wp-content\\\/uploads\\\/2026\\\/02\\\/1-1024x730.png\",\"datePublished\":\"2026-02-04T13:54:51+00:00\",\"dateModified\":\"2026-02-05T15:27:04+00:00\",\"breadcrumb\":{\"@id\":\"https:\\\/\\\/www.kein-alter-hut.de\\\/index.php\\\/beratung-im-buergerbuero\\\/#breadcrumb\"},\"inLanguage\":\"de\",\"potentialAction\":[{\"@type\":\"ReadAction\",\"target\":[\"https:\\\/\\\/www.kein-alter-hut.de\\\/index.php\\\/beratung-im-buergerbuero\\\/\"]}]},{\"@type\":\"ImageObject\",\"inLanguage\":\"de\",\"@id\":\"https:\\\/\\\/www.kein-alter-hut.de\\\/index.php\\\/beratung-im-buergerbuero\\\/#primaryimage\",\"url\":\"https:\\\/\\\/www.kein-alter-hut.de\\\/wp-content\\\/uploads\\\/2026\\\/02\\\/1.png\",\"contentUrl\":\"https:\\\/\\\/www.kein-alter-hut.de\\\/wp-content\\\/uploads\\\/2026\\\/02\\\/1.png\",\"width\":2000,\"height\":1426},{\"@type\":\"BreadcrumbList\",\"@id\":\"https:\\\/\\\/www.kein-alter-hut.de\\\/index.php\\\/beratung-im-buergerbuero\\\/#breadcrumb\",\"itemListElement\":[{\"@type\":\"ListItem\",\"position\":1,\"name\":\"Startseite\",\"item\":\"https:\\\/\\\/www.kein-alter-hut.de\\\/\"},{\"@type\":\"ListItem\",\"position\":2,\"name\":\"Beratung im B\u00fcrgerb\u00fcro\"}]},{\"@type\":\"WebSite\",\"@id\":\"https:\\\/\\\/www.kein-alter-hut.de\\\/#website\",\"url\":\"https:\\\/\\\/www.kein-alter-hut.de\\\/\",\"name\":\"Sven Meyer MdA\",\"description\":\"Sven Meyer - Ihr Abgeordneter f\u00fcr Wittenau, Waidmannslust, Borsigwalde und Tegel\",\"potentialAction\":[{\"@type\":\"SearchAction\",\"target\":{\"@type\":\"EntryPoint\",\"urlTemplate\":\"https:\\\/\\\/www.kein-alter-hut.de\\\/?s={search_term_string}\"},\"query-input\":{\"@type\":\"PropertyValueSpecification\",\"valueRequired\":true,\"valueName\":\"search_term_string\"}}],\"inLanguage\":\"de\"}]}<\/script>\n<!-- \/ Yoast SEO plugin. -->","yoast_head_json":{"title":"Beratung im B\u00fcrgerb\u00fcro - Sven Meyer MdA","robots":{"index":"index","follow":"follow","max-snippet":"max-snippet:-1","max-image-preview":"max-image-preview:large","max-video-preview":"max-video-preview:-1"},"canonical":"https:\/\/www.kein-alter-hut.de\/index.php\/beratung-im-buergerbuero\/","og_locale":"de_DE","og_type":"article","og_title":"Beratung im B\u00fcrgerb\u00fcro - Sven Meyer MdA","og_description":"Hier finden Sie einen Ausschnitt unserer regelm\u00e4\u00dfigen Beratungsangebote. Achten Sie auf unsere Ank\u00fcndigungen oder abonnieren Sie am besten unseren \u2192 Newsletter.","og_url":"https:\/\/www.kein-alter-hut.de\/index.php\/beratung-im-buergerbuero\/","og_site_name":"Sven Meyer MdA","article_publisher":"https:\/\/www.facebook.com\/SvenMeyerReinickendorf\/","article_modified_time":"2026-02-05T15:27:04+00:00","og_image":[{"width":2000,"height":1426,"url":"https:\/\/www.kein-alter-hut.de\/wp-content\/uploads\/2026\/02\/1.png","type":"image\/png"}],"twitter_card":"summary_large_image","twitter_misc":{"Gesch\u00e4tzte Lesezeit":"1\u00a0Minute"},"schema":{"@context":"https:\/\/schema.org","@graph":[{"@type":"WebPage","@id":"https:\/\/www.kein-alter-hut.de\/index.php\/beratung-im-buergerbuero\/","url":"https:\/\/www.kein-alter-hut.de\/index.php\/beratung-im-buergerbuero\/","name":"Beratung im B\u00fcrgerb\u00fcro - Sven Meyer MdA","isPartOf":{"@id":"https:\/\/www.kein-alter-hut.de\/#website"},"primaryImageOfPage":{"@id":"https:\/\/www.kein-alter-hut.de\/index.php\/beratung-im-buergerbuero\/#primaryimage"},"image":{"@id":"https:\/\/www.kein-alter-hut.de\/index.php\/beratung-im-buergerbuero\/#primaryimage"},"thumbnailUrl":"https:\/\/www.kein-alter-hut.de\/wp-content\/uploads\/2026\/02\/1-1024x730.png","datePublished":"2026-02-04T13:54:51+00:00","dateModified":"2026-02-05T15:27:04+00:00","breadcrumb":{"@id":"https:\/\/www.kein-alter-hut.de\/index.php\/beratung-im-buergerbuero\/#breadcrumb"},"inLanguage":"de","potentialAction":[{"@type":"ReadAction","target":["https:\/\/www.kein-alter-hut.de\/index.php\/beratung-im-buergerbuero\/"]}]},{"@type":"ImageObject","inLanguage":"de","@id":"https:\/\/www.kein-alter-hut.de\/index.php\/beratung-im-buergerbuero\/#primaryimage","url":"https:\/\/www.kein-alter-hut.de\/wp-content\/uploads\/2026\/02\/1.png","contentUrl":"https:\/\/www.kein-alter-hut.de\/wp-content\/uploads\/2026\/02\/1.png","width":2000,"height":1426},{"@type":"BreadcrumbList","@id":"https:\/\/www.kein-alter-hut.de\/index.php\/beratung-im-buergerbuero\/#breadcrumb","itemListElement":[{"@type":"ListItem","position":1,"name":"Startseite","item":"https:\/\/www.kein-alter-hut.de\/"},{"@type":"ListItem","position":2,"name":"Beratung im B\u00fcrgerb\u00fcro"}]},{"@type":"WebSite","@id":"https:\/\/www.kein-alter-hut.de\/#website","url":"https:\/\/www.kein-alter-hut.de\/","name":"Sven Meyer MdA","description":"Sven Meyer - Ihr Abgeordneter f\u00fcr Wittenau, Waidmannslust, Borsigwalde und Tegel","potentialAction":[{"@type":"SearchAction","target":{"@type":"EntryPoint","urlTemplate":"https:\/\/www.kein-alter-hut.de\/?s={search_term_string}"},"query-input":{"@type":"PropertyValueSpecification","valueRequired":true,"valueName":"search_term_string"}}],"inLanguage":"de"}]}},"_links":{"self":[{"href":"https:\/\/www.kein-alter-hut.de\/index.php\/wp-json\/wp\/v2\/pages\/3197","targetHints":{"allow":["GET"]}}],"collection":[{"href":"https:\/\/www.kein-alter-hut.de\/index.php\/wp-json\/wp\/v2\/pages"}],"about":[{"href":"https:\/\/www.kein-alter-hut.de\/index.php\/wp-json\/wp\/v2\/types\/page"}],"author":[{"embeddable":true,"href":"https:\/\/www.kein-alter-hut.de\/index.php\/wp-json\/wp\/v2\/users\/1"}],"replies":[{"embeddable":true,"href":"https:\/\/www.kein-alter-hut.de\/index.php\/wp-json\/wp\/v2\/comments?post=3197"}],"version-history":[{"count":3,"href":"https:\/\/www.kein-alter-hut.de\/index.php\/wp-json\/wp\/v2\/pages\/3197\/revisions"}],"predecessor-version":[{"id":3268,"href":"https:\/\/www.kein-alter-hut.de\/index.php\/wp-json\/wp\/v2\/pages\/3197\/revisions\/3268"}],"wp:attachment":[{"href":"https:\/\/www.kein-alter-hut.de\/index.php\/wp-json\/wp\/v2\/media?parent=3197"}],"curies":[{"name":"wp","href":"https:\/\/api.w.org\/{rel}","templated":true}]}}