{"id":3240,"date":"2026-02-05T13:41:56","date_gmt":"2026-02-05T13:41:56","guid":{"rendered":"https:\/\/www.kein-alter-hut.de\/?page_id=3240"},"modified":"2026-03-09T13:00:20","modified_gmt":"2026-03-09T13:00:20","slug":"presseecho-25-26","status":"publish","type":"page","link":"https:\/\/www.kein-alter-hut.de\/index.php\/presseecho-25-26\/","title":{"rendered":"Presseecho"},"content":{"rendered":"\n<div class=\"wp-block-media-text is-stacked-on-mobile is-vertically-aligned-top\"><figure class=\"wp-block-media-text__media\"><a href=\"https:\/\/www.ardmediathek.de\/video\/Y3JpZDovL3JiYl8wM2U5NDYyZi1lNDg2LTQ2YmQtOTliOS0wZmNkNTc1NzcwZTNfcHVibGljYXRpb24\"><img fetchpriority=\"high\" decoding=\"async\" width=\"1024\" height=\"496\" src=\"https:\/\/www.kein-alter-hut.de\/wp-content\/uploads\/2026\/02\/Bild_2026-02-05_132517580-1024x496.png\" alt=\"\" class=\"wp-image-3241 size-full\" srcset=\"https:\/\/www.kein-alter-hut.de\/wp-content\/uploads\/2026\/02\/Bild_2026-02-05_132517580-1024x496.png 1024w, https:\/\/www.kein-alter-hut.de\/wp-content\/uploads\/2026\/02\/Bild_2026-02-05_132517580-300x145.png 300w, https:\/\/www.kein-alter-hut.de\/wp-content\/uploads\/2026\/02\/Bild_2026-02-05_132517580-768x372.png 768w, https:\/\/www.kein-alter-hut.de\/wp-content\/uploads\/2026\/02\/Bild_2026-02-05_132517580.png 1446w\" sizes=\"(max-width: 1024px) 100vw, 1024px\" \/><\/a><\/figure><div class=\"wp-block-media-text__content\">\n<p><strong>rbb-Abendtalk vom 2.Dezember 2025<\/strong><\/p>\n\n\n\n<p>Sie kamen mit der Corona-Krise auch bei uns auf die Stra\u00dfen: Fahrradkuriere in Berlin und Brandenburg, die in dicken Packtaschen bei Wind und Wetter Essen ausliefern. Bequem f\u00fcr uns, doch die meist aus Indien oder Pakistan stammenden jungen Fahrer f\u00fchlen sich ausgebeutet, rechtlos und ihren Arbeitgebern ausgeliefert.<\/p>\n\n\n\n<p><\/p>\n<\/div><\/div>\n\n\n\n<div class=\"wp-block-media-text is-stacked-on-mobile is-vertically-aligned-top\"><figure class=\"wp-block-media-text__media\"><a href=\"https:\/\/www.kiezblatt.de\/die-fahrgaeste-tappen-im-dunkeln-am-s-bahnhof-tegel\/#more-69039\"><img decoding=\"async\" width=\"1024\" height=\"263\" src=\"https:\/\/www.kein-alter-hut.de\/wp-content\/uploads\/2026\/02\/Bild_2026-02-05_135423261-1024x263.png\" alt=\"\" class=\"wp-image-3253 size-full\" srcset=\"https:\/\/www.kein-alter-hut.de\/wp-content\/uploads\/2026\/02\/Bild_2026-02-05_135423261-1024x263.png 1024w, https:\/\/www.kein-alter-hut.de\/wp-content\/uploads\/2026\/02\/Bild_2026-02-05_135423261-300x77.png 300w, https:\/\/www.kein-alter-hut.de\/wp-content\/uploads\/2026\/02\/Bild_2026-02-05_135423261-768x197.png 768w, https:\/\/www.kein-alter-hut.de\/wp-content\/uploads\/2026\/02\/Bild_2026-02-05_135423261.png 1176w\" sizes=\"(max-width: 1024px) 100vw, 1024px\" \/><\/a><\/figure><div class=\"wp-block-media-text__content\">\n<p><strong>Bericht vom 17.November 2025 \u00fcber die fehlende Verkehrssicherheit am S-Bahnhof Tegel<\/strong><\/p>\n\n\n\n<p>Im Dunkeln zum Bahnhof Tegel \u2013 SPD fordert endlich Licht<br>Seit Jahren bleibt der Vorplatz des S\u2011Bahnhofs Tegel im Dunkeln. Alle Leuchten sind defekt, doch weder die Bahn noch Stromnetz Berlin f\u00fchlen sich zust\u00e4ndig.<br>Aus einer Anfrage des SPD\u2011Abgeordneten Sven\u202fMeyer geht hervor: Das Gel\u00e4nde ist privat und damit keiner \u00f6ffentlichen Stelle zugeordnet. Trotzdem reagiert das CDU\u2011gef\u00fchrte Bezirksamt Reinickendorf bislang kaum \u2013 es sieht \u201ekeine Handlungsm\u00f6glichkeiten\u201c.<br>Meyer nennt das \u201eeinen Treppenwitz\u201c: \u201eAusgerechnet die CDU, die sonst \u00fcber Sicherheit spricht, l\u00e4sst hier die Fahrg\u00e4ste im Dunkeln stehen. Wer abends zum Bahnhof Tegel will, muss sich auf Schaufenster verlassen \u2013 das ist ein Armutszeugnis f\u00fcr den Bezirk.\u201c<br>Die SPD fordert das Bezirksamt auf, den Eigent\u00fcmer endlich in die Pflicht zu nehmen und notfalls mit Senat und Bahn eine L\u00f6sung zu finden. \u201eReinickendorf darf sich nicht hinter Zust\u00e4ndigkeiten verstecken. Wenn es um Sicherheit geht, muss gehandelt werden\u202f\u2013\u202fsofort\u201c, so Meyer.<\/p>\n\n\n\n<p><\/p>\n<\/div><\/div>\n\n\n\n<div class=\"wp-block-media-text is-stacked-on-mobile is-vertically-aligned-top\"><figure class=\"wp-block-media-text__media\"><a href=\"https:\/\/www.nmz.de\/nmz-verbaende\/verband-deutscher-musikschulen\/kritik-der-berliner-extra-currywurst\"><img decoding=\"async\" width=\"1024\" height=\"761\" src=\"https:\/\/www.kein-alter-hut.de\/wp-content\/uploads\/2026\/02\/Bild_2026-02-05_134744380-1024x761.png\" alt=\"\" class=\"wp-image-3251 size-full\" srcset=\"https:\/\/www.kein-alter-hut.de\/wp-content\/uploads\/2026\/02\/Bild_2026-02-05_134744380-1024x761.png 1024w, https:\/\/www.kein-alter-hut.de\/wp-content\/uploads\/2026\/02\/Bild_2026-02-05_134744380-300x223.png 300w, https:\/\/www.kein-alter-hut.de\/wp-content\/uploads\/2026\/02\/Bild_2026-02-05_134744380-768x571.png 768w, https:\/\/www.kein-alter-hut.de\/wp-content\/uploads\/2026\/02\/Bild_2026-02-05_134744380.png 1105w\" sizes=\"(max-width: 1024px) 100vw, 1024px\" \/><\/a><\/figure><div class=\"wp-block-media-text__content\">\n<p><strong>NMZ vom 1.November 2025 zur Situation der Musiklehrer:innen nach dem Herrenberg-Urteil<\/strong><\/p>\n\n\n\n<p>Kritik am Berliner Umgang mit Honorarkr\u00e4ften an Musikschulen<br>Bei einer Podiumsdiskussion des Berliner Musikschulb\u00fcndnisses zum sogenannten \u201eHerrenberg-Urteil\u201c wurde deutlich: W\u00e4hrend viele deutsche St\u00e4dte ihre Musikschullehrkr\u00e4fte l\u00e4ngst festangestellt haben, setzt Berlin weiterhin auf befristete L\u00f6sungen. Vertreterinnen und Vertreter aus Politik und Musikschulpraxis kritisierten den langsamen Fortschritt in der Hauptstadt deutlich.<br>SPD-Arbeitsmarktexperte Sven Meyer betonte, dass angesichts der finanziellen Lage ein schrittweises Vorgehen derzeit realistisch sei. Gemeinsam mit der CDU pl\u00e4diert er f\u00fcr ein Stufenmodell, das zun\u00e4chst 200 zus\u00e4tzliche Festanstellungen vorsieht \u2013 mit dem Ziel, den Anteil fester Stellen bis 2029 auf \u00fcber 60\u202fProzent zu erh\u00f6hen. \u201eEntscheidend ist, dass wir jetzt beginnen, statt weiter zu vertagen\u201c, so Meyer.<br>Das \u201eHerrenberg-Urteil\u201c des Bundessozialgerichts aus dem Jahr 2022 hatte bundesweit best\u00e4tigt, dass viele Honorarkr\u00e4fte an Musikschulen faktisch abh\u00e4ngig besch\u00e4ftigt sind \u2013 und daher Anspruch auf sozialversicherungspflichtige Arbeitsverh\u00e4ltnisse haben.<\/p>\n\n\n\n<p><\/p>\n<\/div><\/div>\n\n\n\n<div class=\"wp-block-media-text is-stacked-on-mobile is-vertically-aligned-top\"><figure class=\"wp-block-media-text__media\"><a href=\"https:\/\/youtu.be\/1zm9ek6k2A4\"><img loading=\"lazy\" decoding=\"async\" width=\"1024\" height=\"546\" src=\"https:\/\/www.kein-alter-hut.de\/wp-content\/uploads\/2026\/02\/Bild_2026-02-05_133604258-1024x546.png\" alt=\"\" class=\"wp-image-3247 size-full\" srcset=\"https:\/\/www.kein-alter-hut.de\/wp-content\/uploads\/2026\/02\/Bild_2026-02-05_133604258-1024x546.png 1024w, https:\/\/www.kein-alter-hut.de\/wp-content\/uploads\/2026\/02\/Bild_2026-02-05_133604258-300x160.png 300w, https:\/\/www.kein-alter-hut.de\/wp-content\/uploads\/2026\/02\/Bild_2026-02-05_133604258-768x410.png 768w, https:\/\/www.kein-alter-hut.de\/wp-content\/uploads\/2026\/02\/Bild_2026-02-05_133604258.png 1147w\" sizes=\"(max-width: 1024px) 100vw, 1024px\" \/><\/a><\/figure><div class=\"wp-block-media-text__content\">\n<p><strong>Abendschau vom 1.Oktober 2025<\/strong><\/p>\n\n\n\n<p>Faire Bedingungen f\u00fcr vietnamesische Auszubildende in Berlin<br>Rund 16.000 junge Vietnamesinnen und Vietnamesen absolvieren derzeit eine Ausbildung in Deutschland \u2013 etwa 2.000 davon in Berlin. Viele kommen \u00fcber private Vermittlungsagenturen aus Vietnam, die laut rbb24-Recherche bis zu 20.000 Euro f\u00fcr Vermittlung, Sprachkurs und Visa verlangen. F\u00fcr viele Bewerberinnen und Bewerber bedeutet das hohe Schulden und Abh\u00e4ngigkeiten.<\/p>\n<\/div><\/div>\n\n\n\n<div class=\"wp-block-media-text is-stacked-on-mobile is-vertically-aligned-top\"><figure class=\"wp-block-media-text__media\"><a href=\"https:\/\/www.belltower.news\/aktion-noteingang-sich-einsetzen-auch-wenns-unangenehm-wird-159751\/\"><img loading=\"lazy\" decoding=\"async\" width=\"1024\" height=\"319\" src=\"https:\/\/www.kein-alter-hut.de\/wp-content\/uploads\/2026\/02\/Bild_2026-02-05_140927133-1024x319.png\" alt=\"\" class=\"wp-image-3255 size-full\" srcset=\"https:\/\/www.kein-alter-hut.de\/wp-content\/uploads\/2026\/02\/Bild_2026-02-05_140927133-1024x319.png 1024w, https:\/\/www.kein-alter-hut.de\/wp-content\/uploads\/2026\/02\/Bild_2026-02-05_140927133-300x94.png 300w, https:\/\/www.kein-alter-hut.de\/wp-content\/uploads\/2026\/02\/Bild_2026-02-05_140927133-768x239.png 768w, https:\/\/www.kein-alter-hut.de\/wp-content\/uploads\/2026\/02\/Bild_2026-02-05_140927133.png 1270w\" sizes=\"(max-width: 1024px) 100vw, 1024px\" \/><\/a><\/figure><div class=\"wp-block-media-text__content\">\n<p><strong>Bericht \u00fcber unsere Teilnahme an der Aktion Noteingang gegen rassistische \u00dcbergriffe (25.April 2025)<\/strong><\/p>\n\n\n\n<p>Sich einsetzen \u2013 auch wenn\u2019s unangenehm wird<br>Sven Meyer unterst\u00fctzt \u201eAktion Noteingang\u201c als Zeichen f\u00fcr Zivilcourage<br>Seit drei Jahrzehnten bietet die Aktion Noteingang in Berlin und Brandenburg Schutzr\u00e4ume f\u00fcr Menschen, die von rechter oder diskriminierender Gewalt betroffen sind. Auch das B\u00fcrgerb\u00fcro des SPD\u2011Abgeordneten Sven\u202fMeyer in Tegel tr\u00e4gt nun das magentafarbene Noteingang\u2011Symbol \u2013 als sichtbares Zeichen gegen Ausgrenzung und f\u00fcr Solidarit\u00e4t.<br>\u201eDie politische Lage und der Rechtsruck machen mir gro\u00dfe Sorgen\u201c, sagt Meyer. \u201eGerade jetzt m\u00fcssen wir uns einsetzen\u202f\u2013\u202fauch wenn es unangenehm wird.\u201c F\u00fcr ihn ist Zivilcourage kein Zusatz zur Politik, sondern ihr Fundament: Hinschauen, handeln, Haltung zeigen.<br>Die von der Amadeu\u202fAntonio\u202fStiftung koordinierte Kampagne schafft Anlaufstellen f\u00fcr Betroffene und sensibilisiert die \u00d6ffentlichkeit f\u00fcr Hassgewalt. F\u00fcr Meyer ist die Teilnahme nicht nur ein symbolischer Akt: Sein Team bietet Raum f\u00fcr Gespr\u00e4che, Unterst\u00fctzung und gesellschaftlichen Austausch \u2013 vom B\u00fcrgerdialog bis zur thematischen Vernissage. \u201eDemokratie bleibt nur lebendig, wenn Menschen Verantwortung \u00fcbernehmen und f\u00fcreinander einstehen\u201c, betont er.<\/p>\n\n\n\n<p><\/p>\n<\/div><\/div>\n\n\n\n<div class=\"wp-block-media-text is-stacked-on-mobile is-vertically-aligned-top\"><figure class=\"wp-block-media-text__media\"><a href=\"https:\/\/www.nd-aktuell.de\/artikel\/1189616.charite-tochter-cfm-arbeitskampf-an-der-charite-gleicher-lohn-fuer-gleiche-arbeit.html\"><img loading=\"lazy\" decoding=\"async\" width=\"1024\" height=\"482\" src=\"https:\/\/www.kein-alter-hut.de\/wp-content\/uploads\/2026\/02\/Bild_2026-02-05_143244147-1024x482.png\" alt=\"\" class=\"wp-image-3260 size-full\" srcset=\"https:\/\/www.kein-alter-hut.de\/wp-content\/uploads\/2026\/02\/Bild_2026-02-05_143244147-1024x482.png 1024w, https:\/\/www.kein-alter-hut.de\/wp-content\/uploads\/2026\/02\/Bild_2026-02-05_143244147-300x141.png 300w, https:\/\/www.kein-alter-hut.de\/wp-content\/uploads\/2026\/02\/Bild_2026-02-05_143244147-768x361.png 768w, https:\/\/www.kein-alter-hut.de\/wp-content\/uploads\/2026\/02\/Bild_2026-02-05_143244147-520x245.png 520w, https:\/\/www.kein-alter-hut.de\/wp-content\/uploads\/2026\/02\/Bild_2026-02-05_143244147-720x340.png 720w, https:\/\/www.kein-alter-hut.de\/wp-content\/uploads\/2026\/02\/Bild_2026-02-05_143244147.png 1035w\" sizes=\"(max-width: 1024px) 100vw, 1024px\" \/><\/a><\/figure><div class=\"wp-block-media-text__content\">\n<p><strong>Gleicher Lohn f\u00fcr gleiche Arbeit an der Charit\u00e9-CFM<\/strong> (nd vom 13.3.2025)<\/p>\n\n\n\n<p><strong>SPD-Abgeordneter Sven Meyer st\u00e4rkt Streikenden den R\u00fccken<\/strong><\/p>\n\n\n\n<p>Besch\u00e4ftigte der Charit\u00e9-Tochter CFM haben sich in einem mehrt\u00e4gigen Warnstreik f\u00fcr die Angleichung ihrer L\u00f6hne an den Tarifvertrag des \u00f6ffentlichen Dienstes (TV\u00f6D) eingesetzt. Viele von ihnen verdienen trotz gleicher Arbeit mehrere Hundert Euro weniger als direkt bei der Charit\u00e9 angestellte Kolleginnen und Kollegen.<\/p>\n\n\n\n<p>Auch der Reinickendorfer SPD-Abgeordnete <strong>Sven Meyer<\/strong> unterst\u00fctzte den Protest vor Ort und sprach sich klar f\u00fcr die Wiedereingliederung der CFM-Besch\u00e4ftigten in die volle Tarifbindung aus. Gemeinsam mit Kolleginnen und Kollegen aus der SPD-Fraktion macht er Druck auf den Senat, endlich die im Koalitionsvertrag zugesagte vollst\u00e4ndige Gleichstellung umzusetzen.<\/p>\n<\/div><\/div>\n\n\n\n<div class=\"wp-block-media-text is-stacked-on-mobile is-vertically-aligned-top\"><figure class=\"wp-block-media-text__media\"><a href=\"https:\/\/www.tagesspiegel.de\/berlin\/polizei-justiz\/migrationsfeindliche-schriftzuge-farbanschlage-auf-parteiburos-von-grunen-und-spd-in-berlin-reinickendorf-13248808.html\"><img loading=\"lazy\" decoding=\"async\" width=\"831\" height=\"584\" src=\"https:\/\/www.kein-alter-hut.de\/wp-content\/uploads\/2026\/02\/tsp.png\" alt=\"\" class=\"wp-image-3258 size-full\" srcset=\"https:\/\/www.kein-alter-hut.de\/wp-content\/uploads\/2026\/02\/tsp.png 831w, https:\/\/www.kein-alter-hut.de\/wp-content\/uploads\/2026\/02\/tsp-300x211.png 300w, https:\/\/www.kein-alter-hut.de\/wp-content\/uploads\/2026\/02\/tsp-768x540.png 768w\" sizes=\"(max-width: 831px) 100vw, 831px\" \/><\/a><\/figure><div class=\"wp-block-media-text__content\">\n<p><strong>Bericht vom 21.Februar 2025 \u00fcber einen Farbanschlag auf unser B\u00fcro<\/strong><\/p>\n\n\n\n<p>Sachbesch\u00e4digung an Abgeordnetenb\u00fcros in Tegel<br>Sven\u202fMeyer bleibt trotz Angriff auf sein B\u00fcro entschlossen<br>Unbekannte haben die B\u00fcros von Sven\u202fMeyer (SPD) und dem Gr\u00fcnen\u2011Kreisverband Reinickendorf mit fremdenfeindlichen Parolen beschmiert. Die Taten geschahen zwischen Mittwochabend und Donnerstagvormittag; der polizeiliche Staatsschutz des LKA\u202fBerlin ermittelt.<br>Auf dem Fenster des B\u00fcros in der Gru\u00dfdorfstra\u00dfe entdeckte Meyers Team die Aufschrift \u201eMigration stoppen\u201c in roter Farbe. Bereits in der Vergangenheit war das B\u00fcro Ziel \u00e4hnlicher Schmierereien.<br>\u201eIch lasse mich nicht einsch\u00fcchtern und setze mich weiter f\u00fcr eine offene und tolerante Gesellschaft ein\u201c, erkl\u00e4rt Meyer. \u201eGerade jetzt ist es wichtig, Haltung zu zeigen \u2013 gegen Hass und f\u00fcr ein respektvolles Miteinander.\u201c<\/p>\n\n\n\n<p><\/p>\n<\/div><\/div>\n","protected":false},"excerpt":{"rendered":"<p>rbb-Abendtalk vom 2.Dezember 2025 Sie kamen mit der Corona-Krise auch bei uns auf die Stra\u00dfen: Fahrradkuriere in Berlin und Brandenburg, die in dicken Packtaschen bei Wind und Wetter Essen ausliefern. Bequem f\u00fcr uns, doch&#46;&#46;&#46;<\/p>\n","protected":false},"author":1,"featured_media":0,"parent":0,"menu_order":0,"comment_status":"closed","ping_status":"closed","template":"","meta":{"footnotes":""},"class_list":["post-3240","page","type-page","status-publish","hentry"],"yoast_head":"<!-- This site is optimized with the Yoast SEO plugin v27.6 - https:\/\/yoast.com\/product\/yoast-seo-wordpress\/ -->\n<title>Presseecho - Sven Meyer MdA<\/title>\n<meta name=\"robots\" content=\"index, follow, max-snippet:-1, max-image-preview:large, max-video-preview:-1\" \/>\n<link rel=\"canonical\" href=\"https:\/\/www.kein-alter-hut.de\/index.php\/presseecho-25-26\/\" \/>\n<meta property=\"og:locale\" content=\"de_DE\" \/>\n<meta property=\"og:type\" content=\"article\" \/>\n<meta property=\"og:title\" content=\"Presseecho - Sven Meyer MdA\" \/>\n<meta property=\"og:description\" content=\"rbb-Abendtalk vom 2.Dezember 2025 Sie kamen mit der Corona-Krise auch bei uns auf die Stra\u00dfen: Fahrradkuriere in Berlin und Brandenburg, die in dicken Packtaschen bei Wind und Wetter Essen ausliefern. Bequem f\u00fcr uns, doch&#046;&#046;&#046;\" \/>\n<meta property=\"og:url\" content=\"https:\/\/www.kein-alter-hut.de\/index.php\/presseecho-25-26\/\" \/>\n<meta property=\"og:site_name\" content=\"Sven Meyer MdA\" \/>\n<meta property=\"article:publisher\" content=\"https:\/\/www.facebook.com\/SvenMeyerReinickendorf\/\" \/>\n<meta property=\"article:modified_time\" content=\"2026-03-09T13:00:20+00:00\" \/>\n<meta property=\"og:image\" content=\"https:\/\/www.kein-alter-hut.de\/wp-content\/uploads\/2026\/02\/Bild_2026-02-05_132517580.png\" \/>\n\t<meta property=\"og:image:width\" content=\"1446\" \/>\n\t<meta property=\"og:image:height\" content=\"701\" \/>\n\t<meta property=\"og:image:type\" content=\"image\/png\" \/>\n<meta name=\"twitter:card\" content=\"summary_large_image\" \/>\n<meta name=\"twitter:label1\" content=\"Gesch\u00e4tzte Lesezeit\" \/>\n\t<meta name=\"twitter:data1\" content=\"6\u00a0Minuten\" \/>\n<script type=\"application\/ld+json\" class=\"yoast-schema-graph\">{\"@context\":\"https:\\\/\\\/schema.org\",\"@graph\":[{\"@type\":\"WebPage\",\"@id\":\"https:\\\/\\\/www.kein-alter-hut.de\\\/index.php\\\/presseecho-25-26\\\/\",\"url\":\"https:\\\/\\\/www.kein-alter-hut.de\\\/index.php\\\/presseecho-25-26\\\/\",\"name\":\"Presseecho - Sven Meyer MdA\",\"isPartOf\":{\"@id\":\"https:\\\/\\\/www.kein-alter-hut.de\\\/#website\"},\"primaryImageOfPage\":{\"@id\":\"https:\\\/\\\/www.kein-alter-hut.de\\\/index.php\\\/presseecho-25-26\\\/#primaryimage\"},\"image\":{\"@id\":\"https:\\\/\\\/www.kein-alter-hut.de\\\/index.php\\\/presseecho-25-26\\\/#primaryimage\"},\"thumbnailUrl\":\"https:\\\/\\\/www.kein-alter-hut.de\\\/wp-content\\\/uploads\\\/2026\\\/02\\\/Bild_2026-02-05_132517580-1024x496.png\",\"datePublished\":\"2026-02-05T13:41:56+00:00\",\"dateModified\":\"2026-03-09T13:00:20+00:00\",\"breadcrumb\":{\"@id\":\"https:\\\/\\\/www.kein-alter-hut.de\\\/index.php\\\/presseecho-25-26\\\/#breadcrumb\"},\"inLanguage\":\"de\",\"potentialAction\":[{\"@type\":\"ReadAction\",\"target\":[\"https:\\\/\\\/www.kein-alter-hut.de\\\/index.php\\\/presseecho-25-26\\\/\"]}]},{\"@type\":\"ImageObject\",\"inLanguage\":\"de\",\"@id\":\"https:\\\/\\\/www.kein-alter-hut.de\\\/index.php\\\/presseecho-25-26\\\/#primaryimage\",\"url\":\"https:\\\/\\\/www.kein-alter-hut.de\\\/wp-content\\\/uploads\\\/2026\\\/02\\\/Bild_2026-02-05_132517580.png\",\"contentUrl\":\"https:\\\/\\\/www.kein-alter-hut.de\\\/wp-content\\\/uploads\\\/2026\\\/02\\\/Bild_2026-02-05_132517580.png\",\"width\":1446,\"height\":701},{\"@type\":\"BreadcrumbList\",\"@id\":\"https:\\\/\\\/www.kein-alter-hut.de\\\/index.php\\\/presseecho-25-26\\\/#breadcrumb\",\"itemListElement\":[{\"@type\":\"ListItem\",\"position\":1,\"name\":\"Startseite\",\"item\":\"https:\\\/\\\/www.kein-alter-hut.de\\\/\"},{\"@type\":\"ListItem\",\"position\":2,\"name\":\"Presseecho\"}]},{\"@type\":\"WebSite\",\"@id\":\"https:\\\/\\\/www.kein-alter-hut.de\\\/#website\",\"url\":\"https:\\\/\\\/www.kein-alter-hut.de\\\/\",\"name\":\"Sven Meyer MdA\",\"description\":\"Sven Meyer - Ihr Abgeordneter f\u00fcr Wittenau, Waidmannslust, Borsigwalde und Tegel\",\"potentialAction\":[{\"@type\":\"SearchAction\",\"target\":{\"@type\":\"EntryPoint\",\"urlTemplate\":\"https:\\\/\\\/www.kein-alter-hut.de\\\/?s={search_term_string}\"},\"query-input\":{\"@type\":\"PropertyValueSpecification\",\"valueRequired\":true,\"valueName\":\"search_term_string\"}}],\"inLanguage\":\"de\"}]}<\/script>\n<!-- \/ Yoast SEO plugin. -->","yoast_head_json":{"title":"Presseecho - Sven Meyer MdA","robots":{"index":"index","follow":"follow","max-snippet":"max-snippet:-1","max-image-preview":"max-image-preview:large","max-video-preview":"max-video-preview:-1"},"canonical":"https:\/\/www.kein-alter-hut.de\/index.php\/presseecho-25-26\/","og_locale":"de_DE","og_type":"article","og_title":"Presseecho - Sven Meyer MdA","og_description":"rbb-Abendtalk vom 2.Dezember 2025 Sie kamen mit der Corona-Krise auch bei uns auf die Stra\u00dfen: Fahrradkuriere in Berlin und Brandenburg, die in dicken Packtaschen bei Wind und Wetter Essen ausliefern. Bequem f\u00fcr uns, doch&#46;&#46;&#46;","og_url":"https:\/\/www.kein-alter-hut.de\/index.php\/presseecho-25-26\/","og_site_name":"Sven Meyer MdA","article_publisher":"https:\/\/www.facebook.com\/SvenMeyerReinickendorf\/","article_modified_time":"2026-03-09T13:00:20+00:00","og_image":[{"width":1446,"height":701,"url":"https:\/\/www.kein-alter-hut.de\/wp-content\/uploads\/2026\/02\/Bild_2026-02-05_132517580.png","type":"image\/png"}],"twitter_card":"summary_large_image","twitter_misc":{"Gesch\u00e4tzte Lesezeit":"6\u00a0Minuten"},"schema":{"@context":"https:\/\/schema.org","@graph":[{"@type":"WebPage","@id":"https:\/\/www.kein-alter-hut.de\/index.php\/presseecho-25-26\/","url":"https:\/\/www.kein-alter-hut.de\/index.php\/presseecho-25-26\/","name":"Presseecho - Sven Meyer MdA","isPartOf":{"@id":"https:\/\/www.kein-alter-hut.de\/#website"},"primaryImageOfPage":{"@id":"https:\/\/www.kein-alter-hut.de\/index.php\/presseecho-25-26\/#primaryimage"},"image":{"@id":"https:\/\/www.kein-alter-hut.de\/index.php\/presseecho-25-26\/#primaryimage"},"thumbnailUrl":"https:\/\/www.kein-alter-hut.de\/wp-content\/uploads\/2026\/02\/Bild_2026-02-05_132517580-1024x496.png","datePublished":"2026-02-05T13:41:56+00:00","dateModified":"2026-03-09T13:00:20+00:00","breadcrumb":{"@id":"https:\/\/www.kein-alter-hut.de\/index.php\/presseecho-25-26\/#breadcrumb"},"inLanguage":"de","potentialAction":[{"@type":"ReadAction","target":["https:\/\/www.kein-alter-hut.de\/index.php\/presseecho-25-26\/"]}]},{"@type":"ImageObject","inLanguage":"de","@id":"https:\/\/www.kein-alter-hut.de\/index.php\/presseecho-25-26\/#primaryimage","url":"https:\/\/www.kein-alter-hut.de\/wp-content\/uploads\/2026\/02\/Bild_2026-02-05_132517580.png","contentUrl":"https:\/\/www.kein-alter-hut.de\/wp-content\/uploads\/2026\/02\/Bild_2026-02-05_132517580.png","width":1446,"height":701},{"@type":"BreadcrumbList","@id":"https:\/\/www.kein-alter-hut.de\/index.php\/presseecho-25-26\/#breadcrumb","itemListElement":[{"@type":"ListItem","position":1,"name":"Startseite","item":"https:\/\/www.kein-alter-hut.de\/"},{"@type":"ListItem","position":2,"name":"Presseecho"}]},{"@type":"WebSite","@id":"https:\/\/www.kein-alter-hut.de\/#website","url":"https:\/\/www.kein-alter-hut.de\/","name":"Sven Meyer MdA","description":"Sven Meyer - Ihr Abgeordneter f\u00fcr Wittenau, Waidmannslust, Borsigwalde und Tegel","potentialAction":[{"@type":"SearchAction","target":{"@type":"EntryPoint","urlTemplate":"https:\/\/www.kein-alter-hut.de\/?s={search_term_string}"},"query-input":{"@type":"PropertyValueSpecification","valueRequired":true,"valueName":"search_term_string"}}],"inLanguage":"de"}]}},"_links":{"self":[{"href":"https:\/\/www.kein-alter-hut.de\/index.php\/wp-json\/wp\/v2\/pages\/3240","targetHints":{"allow":["GET"]}}],"collection":[{"href":"https:\/\/www.kein-alter-hut.de\/index.php\/wp-json\/wp\/v2\/pages"}],"about":[{"href":"https:\/\/www.kein-alter-hut.de\/index.php\/wp-json\/wp\/v2\/types\/page"}],"author":[{"embeddable":true,"href":"https:\/\/www.kein-alter-hut.de\/index.php\/wp-json\/wp\/v2\/users\/1"}],"replies":[{"embeddable":true,"href":"https:\/\/www.kein-alter-hut.de\/index.php\/wp-json\/wp\/v2\/comments?post=3240"}],"version-history":[{"count":15,"href":"https:\/\/www.kein-alter-hut.de\/index.php\/wp-json\/wp\/v2\/pages\/3240\/revisions"}],"predecessor-version":[{"id":3397,"href":"https:\/\/www.kein-alter-hut.de\/index.php\/wp-json\/wp\/v2\/pages\/3240\/revisions\/3397"}],"wp:attachment":[{"href":"https:\/\/www.kein-alter-hut.de\/index.php\/wp-json\/wp\/v2\/media?parent=3240"}],"curies":[{"name":"wp","href":"https:\/\/api.w.org\/{rel}","templated":true}]}}