{"id":3475,"date":"2026-03-23T13:54:16","date_gmt":"2026-03-23T13:54:16","guid":{"rendered":"https:\/\/www.kein-alter-hut.de\/?page_id=3475"},"modified":"2026-03-23T14:12:21","modified_gmt":"2026-03-23T14:12:21","slug":"spenden","status":"publish","type":"page","link":"https:\/\/www.kein-alter-hut.de\/index.php\/spenden\/","title":{"rendered":"Spenden"},"content":{"rendered":"\n<h3 class=\"wp-block-heading\">Demokratie verteidigt sich nicht von allein<\/h3>\n\n\n\n<p><\/p>\n\n\n\n<blockquote class=\"wp-block-quote is-layout-flow wp-block-quote-is-layout-flow\">\n<p><strong>Sven Meyer<\/strong> steht f\u00fcr gute Arbeit, starke Ausbildung, Tarifbindung und echte Mitbestimmung \u2013 in ganz Berlin wie in Reinickendorf.<\/p>\n\n\n\n<p>W\u00e4hrend andere die Brandmauer nach rechts aufweichen oder l\u00e4ngst eingerissen haben, h\u00e4lt er klar dagegen. Gegen einen schwarzen Reinickendorfer Mehltau, der rechte Positionen normalisiert, braucht es Haltung, Klarheit \u2013 und Pr\u00e4senz.<\/p>\n\n\n\n<p>Genau daf\u00fcr tritt Sven Meyer an: konsequent gegen Rechts, sozial gerecht und nah an den Menschen.<\/p>\n\n\n\n<p>Damit diese Stimme geh\u00f6rt wird, braucht es einen starken Wahlkampf. Und daf\u00fcr brauchen wir Dich.<\/p>\n\n\n\n<p><strong>Unterst\u00fctze uns mit deiner Spende:<\/strong><\/p>\n\n\n\n<p class=\"has-vivid-red-color has-text-color has-link-color wp-elements-d233b4a2900fa9e01352a89e8a62c9b7\" style=\"font-size:18px\"><strong>SPD Kreis Reinickendorf<br>DE40 1005 0000 2010 0086 96<\/strong><br><strong>Verwendungszweck: Wahlkampf Sven Meyer<\/strong><\/p>\n\n\n\n<p><strong>Gut zu wissen:<\/strong><br>Spenden an politische Parteien sind steuerlich beg\u00fcnstigt:<br>Bis zu 1.650 \u20ac pro Jahr (3.300 \u20ac bei Zusammenveranlagung) werden direkt von der Einkommensteuer abgezogen. Dar\u00fcber hinausgehende Betr\u00e4ge k\u00f6nnen zus\u00e4tzlich steuerlich geltend gemacht werden.<\/p>\n\n\n\n<p>Die tats\u00e4chliche Entlastung h\u00e4ngt von deiner pers\u00f6nlichen Steuersituation ab. Eine Spendenbescheinigung stellen wir selbstverst\u00e4ndlich aus.<\/p>\n\n\n\n<p>\ud83d\udc49 Jeder Beitrag st\u00e4rkt den Einsatz f\u00fcr gute Arbeit, soziale Gerechtigkeit und eine klare Haltung gegen Rechts.<\/p>\n\n\n\n<p class=\"has-vivid-red-color has-text-color has-link-color wp-elements-40c9c038a00398e5bc228b70413400d0\" style=\"font-size:18px\"><strong>Vielen Dank f\u00fcr deine Unterst\u00fctzung!<\/strong><\/p>\n<\/blockquote>\n\n\n\n<p><\/p>\n","protected":false},"excerpt":{"rendered":"<p>Demokratie verteidigt sich nicht von allein Sven Meyer steht f\u00fcr gute Arbeit, starke Ausbildung, Tarifbindung und echte Mitbestimmung \u2013 in ganz Berlin wie in Reinickendorf. W\u00e4hrend andere die Brandmauer nach rechts aufweichen oder l\u00e4ngst&#46;&#46;&#46;<\/p>\n","protected":false},"author":1,"featured_media":0,"parent":0,"menu_order":0,"comment_status":"closed","ping_status":"closed","template":"","meta":{"footnotes":""},"class_list":["post-3475","page","type-page","status-publish","hentry"],"yoast_head":"<!-- This site is optimized with the Yoast SEO plugin v27.6 - https:\/\/yoast.com\/product\/yoast-seo-wordpress\/ -->\n<title>Spenden - Sven Meyer MdA<\/title>\n<meta name=\"robots\" content=\"index, follow, max-snippet:-1, max-image-preview:large, max-video-preview:-1\" \/>\n<link rel=\"canonical\" href=\"https:\/\/www.kein-alter-hut.de\/index.php\/spenden\/\" \/>\n<meta property=\"og:locale\" content=\"de_DE\" \/>\n<meta property=\"og:type\" content=\"article\" \/>\n<meta property=\"og:title\" content=\"Spenden - Sven Meyer MdA\" \/>\n<meta property=\"og:description\" content=\"Demokratie verteidigt sich nicht von allein Sven Meyer steht f\u00fcr gute Arbeit, starke Ausbildung, Tarifbindung und echte Mitbestimmung \u2013 in ganz Berlin wie in Reinickendorf. W\u00e4hrend andere die Brandmauer nach rechts aufweichen oder l\u00e4ngst&#046;&#046;&#046;\" \/>\n<meta property=\"og:url\" content=\"https:\/\/www.kein-alter-hut.de\/index.php\/spenden\/\" \/>\n<meta property=\"og:site_name\" content=\"Sven Meyer MdA\" \/>\n<meta property=\"article:publisher\" content=\"https:\/\/www.facebook.com\/SvenMeyerReinickendorf\/\" \/>\n<meta property=\"article:modified_time\" content=\"2026-03-23T14:12:21+00:00\" \/>\n<meta name=\"twitter:card\" content=\"summary_large_image\" \/>\n<meta name=\"twitter:label1\" content=\"Gesch\u00e4tzte Lesezeit\" \/>\n\t<meta name=\"twitter:data1\" content=\"1\u00a0Minute\" \/>\n<script type=\"application\/ld+json\" class=\"yoast-schema-graph\">{\"@context\":\"https:\\\/\\\/schema.org\",\"@graph\":[{\"@type\":\"WebPage\",\"@id\":\"https:\\\/\\\/www.kein-alter-hut.de\\\/index.php\\\/spenden\\\/\",\"url\":\"https:\\\/\\\/www.kein-alter-hut.de\\\/index.php\\\/spenden\\\/\",\"name\":\"Spenden - Sven Meyer MdA\",\"isPartOf\":{\"@id\":\"https:\\\/\\\/www.kein-alter-hut.de\\\/#website\"},\"datePublished\":\"2026-03-23T13:54:16+00:00\",\"dateModified\":\"2026-03-23T14:12:21+00:00\",\"breadcrumb\":{\"@id\":\"https:\\\/\\\/www.kein-alter-hut.de\\\/index.php\\\/spenden\\\/#breadcrumb\"},\"inLanguage\":\"de\",\"potentialAction\":[{\"@type\":\"ReadAction\",\"target\":[\"https:\\\/\\\/www.kein-alter-hut.de\\\/index.php\\\/spenden\\\/\"]}]},{\"@type\":\"BreadcrumbList\",\"@id\":\"https:\\\/\\\/www.kein-alter-hut.de\\\/index.php\\\/spenden\\\/#breadcrumb\",\"itemListElement\":[{\"@type\":\"ListItem\",\"position\":1,\"name\":\"Startseite\",\"item\":\"https:\\\/\\\/www.kein-alter-hut.de\\\/\"},{\"@type\":\"ListItem\",\"position\":2,\"name\":\"Spenden\"}]},{\"@type\":\"WebSite\",\"@id\":\"https:\\\/\\\/www.kein-alter-hut.de\\\/#website\",\"url\":\"https:\\\/\\\/www.kein-alter-hut.de\\\/\",\"name\":\"Sven Meyer MdA\",\"description\":\"Sven Meyer - Ihr Abgeordneter f\u00fcr Wittenau, Waidmannslust, Borsigwalde und Tegel\",\"potentialAction\":[{\"@type\":\"SearchAction\",\"target\":{\"@type\":\"EntryPoint\",\"urlTemplate\":\"https:\\\/\\\/www.kein-alter-hut.de\\\/?s={search_term_string}\"},\"query-input\":{\"@type\":\"PropertyValueSpecification\",\"valueRequired\":true,\"valueName\":\"search_term_string\"}}],\"inLanguage\":\"de\"}]}<\/script>\n<!-- \/ Yoast SEO plugin. -->","yoast_head_json":{"title":"Spenden - Sven Meyer MdA","robots":{"index":"index","follow":"follow","max-snippet":"max-snippet:-1","max-image-preview":"max-image-preview:large","max-video-preview":"max-video-preview:-1"},"canonical":"https:\/\/www.kein-alter-hut.de\/index.php\/spenden\/","og_locale":"de_DE","og_type":"article","og_title":"Spenden - Sven Meyer MdA","og_description":"Demokratie verteidigt sich nicht von allein Sven Meyer steht f\u00fcr gute Arbeit, starke Ausbildung, Tarifbindung und echte Mitbestimmung \u2013 in ganz Berlin wie in Reinickendorf. W\u00e4hrend andere die Brandmauer nach rechts aufweichen oder l\u00e4ngst&#46;&#46;&#46;","og_url":"https:\/\/www.kein-alter-hut.de\/index.php\/spenden\/","og_site_name":"Sven Meyer MdA","article_publisher":"https:\/\/www.facebook.com\/SvenMeyerReinickendorf\/","article_modified_time":"2026-03-23T14:12:21+00:00","twitter_card":"summary_large_image","twitter_misc":{"Gesch\u00e4tzte Lesezeit":"1\u00a0Minute"},"schema":{"@context":"https:\/\/schema.org","@graph":[{"@type":"WebPage","@id":"https:\/\/www.kein-alter-hut.de\/index.php\/spenden\/","url":"https:\/\/www.kein-alter-hut.de\/index.php\/spenden\/","name":"Spenden - Sven Meyer MdA","isPartOf":{"@id":"https:\/\/www.kein-alter-hut.de\/#website"},"datePublished":"2026-03-23T13:54:16+00:00","dateModified":"2026-03-23T14:12:21+00:00","breadcrumb":{"@id":"https:\/\/www.kein-alter-hut.de\/index.php\/spenden\/#breadcrumb"},"inLanguage":"de","potentialAction":[{"@type":"ReadAction","target":["https:\/\/www.kein-alter-hut.de\/index.php\/spenden\/"]}]},{"@type":"BreadcrumbList","@id":"https:\/\/www.kein-alter-hut.de\/index.php\/spenden\/#breadcrumb","itemListElement":[{"@type":"ListItem","position":1,"name":"Startseite","item":"https:\/\/www.kein-alter-hut.de\/"},{"@type":"ListItem","position":2,"name":"Spenden"}]},{"@type":"WebSite","@id":"https:\/\/www.kein-alter-hut.de\/#website","url":"https:\/\/www.kein-alter-hut.de\/","name":"Sven Meyer MdA","description":"Sven Meyer - Ihr Abgeordneter f\u00fcr Wittenau, Waidmannslust, Borsigwalde und Tegel","potentialAction":[{"@type":"SearchAction","target":{"@type":"EntryPoint","urlTemplate":"https:\/\/www.kein-alter-hut.de\/?s={search_term_string}"},"query-input":{"@type":"PropertyValueSpecification","valueRequired":true,"valueName":"search_term_string"}}],"inLanguage":"de"}]}},"_links":{"self":[{"href":"https:\/\/www.kein-alter-hut.de\/index.php\/wp-json\/wp\/v2\/pages\/3475","targetHints":{"allow":["GET"]}}],"collection":[{"href":"https:\/\/www.kein-alter-hut.de\/index.php\/wp-json\/wp\/v2\/pages"}],"about":[{"href":"https:\/\/www.kein-alter-hut.de\/index.php\/wp-json\/wp\/v2\/types\/page"}],"author":[{"embeddable":true,"href":"https:\/\/www.kein-alter-hut.de\/index.php\/wp-json\/wp\/v2\/users\/1"}],"replies":[{"embeddable":true,"href":"https:\/\/www.kein-alter-hut.de\/index.php\/wp-json\/wp\/v2\/comments?post=3475"}],"version-history":[{"count":3,"href":"https:\/\/www.kein-alter-hut.de\/index.php\/wp-json\/wp\/v2\/pages\/3475\/revisions"}],"predecessor-version":[{"id":3480,"href":"https:\/\/www.kein-alter-hut.de\/index.php\/wp-json\/wp\/v2\/pages\/3475\/revisions\/3480"}],"wp:attachment":[{"href":"https:\/\/www.kein-alter-hut.de\/index.php\/wp-json\/wp\/v2\/media?parent=3475"}],"curies":[{"name":"wp","href":"https:\/\/api.w.org\/{rel}","templated":true}]}}