{"id":3481,"date":"2026-03-23T14:18:38","date_gmt":"2026-03-23T14:18:38","guid":{"rendered":"https:\/\/www.kein-alter-hut.de\/?page_id=3481"},"modified":"2026-03-23T14:18:39","modified_gmt":"2026-03-23T14:18:39","slug":"transparenz","status":"publish","type":"page","link":"https:\/\/www.kein-alter-hut.de\/index.php\/transparenz\/","title":{"rendered":"Transparenz"},"content":{"rendered":"\n<h3 class=\"wp-block-heading\">Transparenz \u00fcber meine Eink\u00fcnfte und Ausgaben<\/h3>\n\n\n\n<p>Im Unterschied zum Deutscher Bundestag und zu vielen anderen Landesparlamenten war das Abgeordnetenhaus von Berlin bis Ende 2019 kein Vollzeitparlament. Seit dem 1. Januar 2020 ist klar geregelt, dass die \u201eHauptzeit\u201c der Abgeordneten auf ihrem Mandat liegt.<\/p>\n\n\n\n<p>F\u00fcr meine Arbeit als Abgeordneter erhalte ich eine monatliche Entsch\u00e4digung in H\u00f6he von derzeit <strong>8.161 Euro<\/strong>, die vollst\u00e4ndig zu versteuern ist.<\/p>\n\n\n\n<p>Zus\u00e4tzlich steht mir eine <strong>steuerfreie Aufwandspauschale von monatlich 3.184 Euro<\/strong> zur Verf\u00fcgung. Diese ist daf\u00fcr gedacht, die Kosten der parlamentarischen und der Arbeit im Wahlkreis zu decken \u2013 etwa f\u00fcr:<\/p>\n\n\n\n<ul class=\"wp-block-list\">\n<li>das B\u00fcrgerb\u00fcro (Miete, Betriebskosten)<\/li>\n\n\n\n<li>Telefon, Internet und IT<\/li>\n\n\n\n<li>Veranstaltungen und Sprechstunden<\/li>\n\n\n\n<li>Mobilit\u00e4t im Wahlkreis<\/li>\n\n\n\n<li>\u00d6ffentlichkeitsarbeit<\/li>\n\n\n\n<li>B\u00fcromaterial und laufende Ausgaben<\/li>\n<\/ul>\n\n\n\n<p>Ich nutze diese Pauschale vollst\u00e4ndig f\u00fcr meine Arbeit als Abgeordneter \u2013 insbesondere f\u00fcr mein <strong>B\u00fcrgerb\u00fcro vor Ort<\/strong>, das t\u00e4glich ge\u00f6ffnet ist. Dort arbeiten <strong>drei Mitarbeiterinnen und Mitarbeiter<\/strong>, die in den vergangenen vier Jahren <strong>mehrere hundert B\u00fcrgeranfragen<\/strong> bearbeitet haben und f\u00fcr Anliegen aus dem Wahlkreis jederzeit direkt ansprechbar sind.<\/p>\n\n\n\n<p>Als Abgeordneter in meiner <strong>ersten Wahlperiode<\/strong> \u00fcbe ich keine zus\u00e4tzlichen Funktionen wie Pr\u00e4sidiums\u00e4mter aus und erhalte daher auch keine entsprechenden Zuschl\u00e4ge oder zus\u00e4tzlichen Leistungen. Ebenso sitze ich in keinem Beirat oder sonstigen Gremien, deren T\u00e4tigkeit mit Aufwandsentsch\u00e4digungen verbunden sind.<\/p>\n\n\n\n<p>Ein politisches Mandat ist ein Amt auf Zeit. Mein Fokus liegt darauf, diese Zeit zu nutzen, um mich mit ganzer Kraft f\u00fcr gute Arbeit, starke Ausbildung, Tarifbindung und Mitbestimmung einzusetzen \u2013 im Parlament und im Wahlkreis.<\/p>\n\n\n\n<p><\/p>\n","protected":false},"excerpt":{"rendered":"<p>Transparenz \u00fcber meine Eink\u00fcnfte und Ausgaben Im Unterschied zum Deutscher Bundestag und zu vielen anderen Landesparlamenten war das Abgeordnetenhaus von Berlin bis Ende 2019 kein Vollzeitparlament. Seit dem 1. Januar 2020 ist klar geregelt,&#46;&#46;&#46;<\/p>\n","protected":false},"author":1,"featured_media":0,"parent":0,"menu_order":0,"comment_status":"closed","ping_status":"closed","template":"","meta":{"footnotes":""},"class_list":["post-3481","page","type-page","status-publish","hentry"],"yoast_head":"<!-- This site is optimized with the Yoast SEO plugin v27.6 - https:\/\/yoast.com\/product\/yoast-seo-wordpress\/ -->\n<title>Transparenz - Sven Meyer MdA<\/title>\n<meta name=\"robots\" content=\"index, follow, max-snippet:-1, max-image-preview:large, max-video-preview:-1\" \/>\n<link rel=\"canonical\" href=\"https:\/\/www.kein-alter-hut.de\/index.php\/transparenz\/\" \/>\n<meta property=\"og:locale\" content=\"de_DE\" \/>\n<meta property=\"og:type\" content=\"article\" \/>\n<meta property=\"og:title\" content=\"Transparenz - Sven Meyer MdA\" \/>\n<meta property=\"og:description\" content=\"Transparenz \u00fcber meine Eink\u00fcnfte und Ausgaben Im Unterschied zum Deutscher Bundestag und zu vielen anderen Landesparlamenten war das Abgeordnetenhaus von Berlin bis Ende 2019 kein Vollzeitparlament. Seit dem 1. Januar 2020 ist klar geregelt,&#046;&#046;&#046;\" \/>\n<meta property=\"og:url\" content=\"https:\/\/www.kein-alter-hut.de\/index.php\/transparenz\/\" \/>\n<meta property=\"og:site_name\" content=\"Sven Meyer MdA\" \/>\n<meta property=\"article:publisher\" content=\"https:\/\/www.facebook.com\/SvenMeyerReinickendorf\/\" \/>\n<meta property=\"article:modified_time\" content=\"2026-03-23T14:18:39+00:00\" \/>\n<meta name=\"twitter:card\" content=\"summary_large_image\" \/>\n<meta name=\"twitter:label1\" content=\"Gesch\u00e4tzte Lesezeit\" \/>\n\t<meta name=\"twitter:data1\" content=\"2\u00a0Minuten\" \/>\n<script type=\"application\/ld+json\" class=\"yoast-schema-graph\">{\"@context\":\"https:\\\/\\\/schema.org\",\"@graph\":[{\"@type\":\"WebPage\",\"@id\":\"https:\\\/\\\/www.kein-alter-hut.de\\\/index.php\\\/transparenz\\\/\",\"url\":\"https:\\\/\\\/www.kein-alter-hut.de\\\/index.php\\\/transparenz\\\/\",\"name\":\"Transparenz - Sven Meyer MdA\",\"isPartOf\":{\"@id\":\"https:\\\/\\\/www.kein-alter-hut.de\\\/#website\"},\"datePublished\":\"2026-03-23T14:18:38+00:00\",\"dateModified\":\"2026-03-23T14:18:39+00:00\",\"breadcrumb\":{\"@id\":\"https:\\\/\\\/www.kein-alter-hut.de\\\/index.php\\\/transparenz\\\/#breadcrumb\"},\"inLanguage\":\"de\",\"potentialAction\":[{\"@type\":\"ReadAction\",\"target\":[\"https:\\\/\\\/www.kein-alter-hut.de\\\/index.php\\\/transparenz\\\/\"]}]},{\"@type\":\"BreadcrumbList\",\"@id\":\"https:\\\/\\\/www.kein-alter-hut.de\\\/index.php\\\/transparenz\\\/#breadcrumb\",\"itemListElement\":[{\"@type\":\"ListItem\",\"position\":1,\"name\":\"Startseite\",\"item\":\"https:\\\/\\\/www.kein-alter-hut.de\\\/\"},{\"@type\":\"ListItem\",\"position\":2,\"name\":\"Transparenz\"}]},{\"@type\":\"WebSite\",\"@id\":\"https:\\\/\\\/www.kein-alter-hut.de\\\/#website\",\"url\":\"https:\\\/\\\/www.kein-alter-hut.de\\\/\",\"name\":\"Sven Meyer MdA\",\"description\":\"Sven Meyer - Ihr Abgeordneter f\u00fcr Wittenau, Waidmannslust, Borsigwalde und Tegel\",\"potentialAction\":[{\"@type\":\"SearchAction\",\"target\":{\"@type\":\"EntryPoint\",\"urlTemplate\":\"https:\\\/\\\/www.kein-alter-hut.de\\\/?s={search_term_string}\"},\"query-input\":{\"@type\":\"PropertyValueSpecification\",\"valueRequired\":true,\"valueName\":\"search_term_string\"}}],\"inLanguage\":\"de\"}]}<\/script>\n<!-- \/ Yoast SEO plugin. -->","yoast_head_json":{"title":"Transparenz - Sven Meyer MdA","robots":{"index":"index","follow":"follow","max-snippet":"max-snippet:-1","max-image-preview":"max-image-preview:large","max-video-preview":"max-video-preview:-1"},"canonical":"https:\/\/www.kein-alter-hut.de\/index.php\/transparenz\/","og_locale":"de_DE","og_type":"article","og_title":"Transparenz - Sven Meyer MdA","og_description":"Transparenz \u00fcber meine Eink\u00fcnfte und Ausgaben Im Unterschied zum Deutscher Bundestag und zu vielen anderen Landesparlamenten war das Abgeordnetenhaus von Berlin bis Ende 2019 kein Vollzeitparlament. Seit dem 1. Januar 2020 ist klar geregelt,&#46;&#46;&#46;","og_url":"https:\/\/www.kein-alter-hut.de\/index.php\/transparenz\/","og_site_name":"Sven Meyer MdA","article_publisher":"https:\/\/www.facebook.com\/SvenMeyerReinickendorf\/","article_modified_time":"2026-03-23T14:18:39+00:00","twitter_card":"summary_large_image","twitter_misc":{"Gesch\u00e4tzte Lesezeit":"2\u00a0Minuten"},"schema":{"@context":"https:\/\/schema.org","@graph":[{"@type":"WebPage","@id":"https:\/\/www.kein-alter-hut.de\/index.php\/transparenz\/","url":"https:\/\/www.kein-alter-hut.de\/index.php\/transparenz\/","name":"Transparenz - Sven Meyer MdA","isPartOf":{"@id":"https:\/\/www.kein-alter-hut.de\/#website"},"datePublished":"2026-03-23T14:18:38+00:00","dateModified":"2026-03-23T14:18:39+00:00","breadcrumb":{"@id":"https:\/\/www.kein-alter-hut.de\/index.php\/transparenz\/#breadcrumb"},"inLanguage":"de","potentialAction":[{"@type":"ReadAction","target":["https:\/\/www.kein-alter-hut.de\/index.php\/transparenz\/"]}]},{"@type":"BreadcrumbList","@id":"https:\/\/www.kein-alter-hut.de\/index.php\/transparenz\/#breadcrumb","itemListElement":[{"@type":"ListItem","position":1,"name":"Startseite","item":"https:\/\/www.kein-alter-hut.de\/"},{"@type":"ListItem","position":2,"name":"Transparenz"}]},{"@type":"WebSite","@id":"https:\/\/www.kein-alter-hut.de\/#website","url":"https:\/\/www.kein-alter-hut.de\/","name":"Sven Meyer MdA","description":"Sven Meyer - Ihr Abgeordneter f\u00fcr Wittenau, Waidmannslust, Borsigwalde und Tegel","potentialAction":[{"@type":"SearchAction","target":{"@type":"EntryPoint","urlTemplate":"https:\/\/www.kein-alter-hut.de\/?s={search_term_string}"},"query-input":{"@type":"PropertyValueSpecification","valueRequired":true,"valueName":"search_term_string"}}],"inLanguage":"de"}]}},"_links":{"self":[{"href":"https:\/\/www.kein-alter-hut.de\/index.php\/wp-json\/wp\/v2\/pages\/3481","targetHints":{"allow":["GET"]}}],"collection":[{"href":"https:\/\/www.kein-alter-hut.de\/index.php\/wp-json\/wp\/v2\/pages"}],"about":[{"href":"https:\/\/www.kein-alter-hut.de\/index.php\/wp-json\/wp\/v2\/types\/page"}],"author":[{"embeddable":true,"href":"https:\/\/www.kein-alter-hut.de\/index.php\/wp-json\/wp\/v2\/users\/1"}],"replies":[{"embeddable":true,"href":"https:\/\/www.kein-alter-hut.de\/index.php\/wp-json\/wp\/v2\/comments?post=3481"}],"version-history":[{"count":1,"href":"https:\/\/www.kein-alter-hut.de\/index.php\/wp-json\/wp\/v2\/pages\/3481\/revisions"}],"predecessor-version":[{"id":3482,"href":"https:\/\/www.kein-alter-hut.de\/index.php\/wp-json\/wp\/v2\/pages\/3481\/revisions\/3482"}],"wp:attachment":[{"href":"https:\/\/www.kein-alter-hut.de\/index.php\/wp-json\/wp\/v2\/media?parent=3481"}],"curies":[{"name":"wp","href":"https:\/\/api.w.org\/{rel}","templated":true}]}}