{"id":413,"date":"2022-12-12T13:17:56","date_gmt":"2022-12-12T13:17:56","guid":{"rendered":"https:\/\/www.kein-alter-hut.de\/?page_id=413"},"modified":"2024-01-10T09:49:56","modified_gmt":"2024-01-10T09:49:56","slug":"wie-sie-uns-erreichen","status":"publish","type":"page","link":"https:\/\/www.kein-alter-hut.de\/index.php\/wie-sie-uns-erreichen\/","title":{"rendered":"Wie Sie uns erreichen"},"content":{"rendered":"\n<p>Haben Sie Fragen oder Anregungen? Nutzen Sie die M\u00f6glichkeit und schreiben Sie mir. Ich antworte Ihnen so schnell wie m\u00f6glich.<\/p>\n\n\n\n<p>Wenn Sie Fragen haben, wenden Sie sich bitte per Mail (<a href=\"mailto:info@sven-meyer.berlin\"><strong>info@sven-meyer.berlin<\/strong><\/a>), telefonisch (030 \u2013 91 47 89 67) oder neuerdings auch per Fax (030 &#8211; 91 48 14 89) an mein Team. Oder besuchen uns gleich in unserem <a href=\"https:\/\/goo.gl\/maps\/B4EtGPughCBYXoK78\"><strong>B\u00fcrgerb\u00fcro in der Gru\u00dfdorfstra\u00dfe 16<\/strong><\/a> in Tegel.<\/p>\n\n\n\n<p>Ihr Sven Meyer<\/p>\n\n\n\n<p>Mit einem Abo unseres Newsletters bleiben Sie stets auf dem Laufenden.<br><a href=\"mailto:newsletter@sven-meyer.berlin\"><strong>newsletter@sven-meyer.berlin<\/strong><\/a><\/p>\n\n\n\n<p>Oder vernetzen Sie sich mit uns auf <strong><a href=\"https:\/\/www.facebook.com\/SvenMeyerReinickendorf?_rdc=1&amp;_rdr\">Facebook<\/a> <\/strong>und <strong><a href=\"https:\/\/www.instagram.com\/svenmeyerreinickendorf\/\">Instagramm<\/a><\/strong> oder finden unsere Filme auf dem <strong><a href=\"https:\/\/www.youtube.com\/channel\/UCxp5mNlS-AjqYYMnnRtlFOw\">Youtube-Kanal der SPD Reinickendorf<\/a><\/strong>.<\/p>\n","protected":false},"excerpt":{"rendered":"<p>Haben Sie Fragen oder Anregungen? Nutzen Sie die M\u00f6glichkeit und schreiben Sie mir. Ich antworte Ihnen so schnell wie m\u00f6glich. Wenn Sie Fragen haben, wenden Sie sich bitte per Mail (info@sven-meyer.berlin), telefonisch (030 \u2013&#46;&#46;&#46;<\/p>\n","protected":false},"author":1,"featured_media":0,"parent":0,"menu_order":0,"comment_status":"closed","ping_status":"closed","template":"","meta":{"footnotes":""},"class_list":["post-413","page","type-page","status-publish","hentry"],"yoast_head":"<!-- This site is optimized with the Yoast SEO plugin v27.6 - https:\/\/yoast.com\/product\/yoast-seo-wordpress\/ -->\n<title>Wie Sie uns erreichen - Sven Meyer MdA<\/title>\n<meta name=\"robots\" content=\"index, follow, max-snippet:-1, max-image-preview:large, max-video-preview:-1\" \/>\n<link rel=\"canonical\" href=\"https:\/\/www.kein-alter-hut.de\/index.php\/wie-sie-uns-erreichen\/\" \/>\n<meta property=\"og:locale\" content=\"de_DE\" \/>\n<meta property=\"og:type\" content=\"article\" \/>\n<meta property=\"og:title\" content=\"Wie Sie uns erreichen - Sven Meyer MdA\" \/>\n<meta property=\"og:description\" content=\"Haben Sie Fragen oder Anregungen? Nutzen Sie die M\u00f6glichkeit und schreiben Sie mir. Ich antworte Ihnen so schnell wie m\u00f6glich. Wenn Sie Fragen haben, wenden Sie sich bitte per Mail (info@sven-meyer.berlin), telefonisch (030 \u2013&#046;&#046;&#046;\" \/>\n<meta property=\"og:url\" content=\"https:\/\/www.kein-alter-hut.de\/index.php\/wie-sie-uns-erreichen\/\" \/>\n<meta property=\"og:site_name\" content=\"Sven Meyer MdA\" \/>\n<meta property=\"article:publisher\" content=\"https:\/\/www.facebook.com\/SvenMeyerReinickendorf\/\" \/>\n<meta property=\"article:modified_time\" content=\"2024-01-10T09:49:56+00:00\" \/>\n<meta name=\"twitter:card\" content=\"summary_large_image\" \/>\n<meta name=\"twitter:label1\" content=\"Gesch\u00e4tzte Lesezeit\" \/>\n\t<meta name=\"twitter:data1\" content=\"1\u00a0Minute\" \/>\n<script type=\"application\/ld+json\" class=\"yoast-schema-graph\">{\"@context\":\"https:\\\/\\\/schema.org\",\"@graph\":[{\"@type\":\"WebPage\",\"@id\":\"https:\\\/\\\/www.kein-alter-hut.de\\\/index.php\\\/wie-sie-uns-erreichen\\\/\",\"url\":\"https:\\\/\\\/www.kein-alter-hut.de\\\/index.php\\\/wie-sie-uns-erreichen\\\/\",\"name\":\"Wie Sie uns erreichen - Sven Meyer MdA\",\"isPartOf\":{\"@id\":\"https:\\\/\\\/www.kein-alter-hut.de\\\/#website\"},\"datePublished\":\"2022-12-12T13:17:56+00:00\",\"dateModified\":\"2024-01-10T09:49:56+00:00\",\"breadcrumb\":{\"@id\":\"https:\\\/\\\/www.kein-alter-hut.de\\\/index.php\\\/wie-sie-uns-erreichen\\\/#breadcrumb\"},\"inLanguage\":\"de\",\"potentialAction\":[{\"@type\":\"ReadAction\",\"target\":[\"https:\\\/\\\/www.kein-alter-hut.de\\\/index.php\\\/wie-sie-uns-erreichen\\\/\"]}]},{\"@type\":\"BreadcrumbList\",\"@id\":\"https:\\\/\\\/www.kein-alter-hut.de\\\/index.php\\\/wie-sie-uns-erreichen\\\/#breadcrumb\",\"itemListElement\":[{\"@type\":\"ListItem\",\"position\":1,\"name\":\"Startseite\",\"item\":\"https:\\\/\\\/www.kein-alter-hut.de\\\/\"},{\"@type\":\"ListItem\",\"position\":2,\"name\":\"Wie Sie uns erreichen\"}]},{\"@type\":\"WebSite\",\"@id\":\"https:\\\/\\\/www.kein-alter-hut.de\\\/#website\",\"url\":\"https:\\\/\\\/www.kein-alter-hut.de\\\/\",\"name\":\"Sven Meyer MdA\",\"description\":\"Sven Meyer - Ihr Abgeordneter f\u00fcr Wittenau, Waidmannslust, Borsigwalde und Tegel\",\"potentialAction\":[{\"@type\":\"SearchAction\",\"target\":{\"@type\":\"EntryPoint\",\"urlTemplate\":\"https:\\\/\\\/www.kein-alter-hut.de\\\/?s={search_term_string}\"},\"query-input\":{\"@type\":\"PropertyValueSpecification\",\"valueRequired\":true,\"valueName\":\"search_term_string\"}}],\"inLanguage\":\"de\"}]}<\/script>\n<!-- \/ Yoast SEO plugin. -->","yoast_head_json":{"title":"Wie Sie uns erreichen - Sven Meyer MdA","robots":{"index":"index","follow":"follow","max-snippet":"max-snippet:-1","max-image-preview":"max-image-preview:large","max-video-preview":"max-video-preview:-1"},"canonical":"https:\/\/www.kein-alter-hut.de\/index.php\/wie-sie-uns-erreichen\/","og_locale":"de_DE","og_type":"article","og_title":"Wie Sie uns erreichen - Sven Meyer MdA","og_description":"Haben Sie Fragen oder Anregungen? Nutzen Sie die M\u00f6glichkeit und schreiben Sie mir. Ich antworte Ihnen so schnell wie m\u00f6glich. Wenn Sie Fragen haben, wenden Sie sich bitte per Mail (info@sven-meyer.berlin), telefonisch (030 \u2013&#46;&#46;&#46;","og_url":"https:\/\/www.kein-alter-hut.de\/index.php\/wie-sie-uns-erreichen\/","og_site_name":"Sven Meyer MdA","article_publisher":"https:\/\/www.facebook.com\/SvenMeyerReinickendorf\/","article_modified_time":"2024-01-10T09:49:56+00:00","twitter_card":"summary_large_image","twitter_misc":{"Gesch\u00e4tzte Lesezeit":"1\u00a0Minute"},"schema":{"@context":"https:\/\/schema.org","@graph":[{"@type":"WebPage","@id":"https:\/\/www.kein-alter-hut.de\/index.php\/wie-sie-uns-erreichen\/","url":"https:\/\/www.kein-alter-hut.de\/index.php\/wie-sie-uns-erreichen\/","name":"Wie Sie uns erreichen - Sven Meyer MdA","isPartOf":{"@id":"https:\/\/www.kein-alter-hut.de\/#website"},"datePublished":"2022-12-12T13:17:56+00:00","dateModified":"2024-01-10T09:49:56+00:00","breadcrumb":{"@id":"https:\/\/www.kein-alter-hut.de\/index.php\/wie-sie-uns-erreichen\/#breadcrumb"},"inLanguage":"de","potentialAction":[{"@type":"ReadAction","target":["https:\/\/www.kein-alter-hut.de\/index.php\/wie-sie-uns-erreichen\/"]}]},{"@type":"BreadcrumbList","@id":"https:\/\/www.kein-alter-hut.de\/index.php\/wie-sie-uns-erreichen\/#breadcrumb","itemListElement":[{"@type":"ListItem","position":1,"name":"Startseite","item":"https:\/\/www.kein-alter-hut.de\/"},{"@type":"ListItem","position":2,"name":"Wie Sie uns erreichen"}]},{"@type":"WebSite","@id":"https:\/\/www.kein-alter-hut.de\/#website","url":"https:\/\/www.kein-alter-hut.de\/","name":"Sven Meyer MdA","description":"Sven Meyer - Ihr Abgeordneter f\u00fcr Wittenau, Waidmannslust, Borsigwalde und Tegel","potentialAction":[{"@type":"SearchAction","target":{"@type":"EntryPoint","urlTemplate":"https:\/\/www.kein-alter-hut.de\/?s={search_term_string}"},"query-input":{"@type":"PropertyValueSpecification","valueRequired":true,"valueName":"search_term_string"}}],"inLanguage":"de"}]}},"_links":{"self":[{"href":"https:\/\/www.kein-alter-hut.de\/index.php\/wp-json\/wp\/v2\/pages\/413","targetHints":{"allow":["GET"]}}],"collection":[{"href":"https:\/\/www.kein-alter-hut.de\/index.php\/wp-json\/wp\/v2\/pages"}],"about":[{"href":"https:\/\/www.kein-alter-hut.de\/index.php\/wp-json\/wp\/v2\/types\/page"}],"author":[{"embeddable":true,"href":"https:\/\/www.kein-alter-hut.de\/index.php\/wp-json\/wp\/v2\/users\/1"}],"replies":[{"embeddable":true,"href":"https:\/\/www.kein-alter-hut.de\/index.php\/wp-json\/wp\/v2\/comments?post=413"}],"version-history":[{"count":3,"href":"https:\/\/www.kein-alter-hut.de\/index.php\/wp-json\/wp\/v2\/pages\/413\/revisions"}],"predecessor-version":[{"id":1637,"href":"https:\/\/www.kein-alter-hut.de\/index.php\/wp-json\/wp\/v2\/pages\/413\/revisions\/1637"}],"wp:attachment":[{"href":"https:\/\/www.kein-alter-hut.de\/index.php\/wp-json\/wp\/v2\/media?parent=413"}],"curies":[{"name":"wp","href":"https:\/\/api.w.org\/{rel}","templated":true}]}}