{"id":909,"date":"2023-06-29T11:28:52","date_gmt":"2023-06-29T11:28:52","guid":{"rendered":"https:\/\/www.kein-alter-hut.de\/?page_id=909"},"modified":"2026-02-05T11:48:50","modified_gmt":"2026-02-05T11:48:50","slug":"abgeordnetenhaus","status":"publish","type":"page","link":"https:\/\/www.kein-alter-hut.de\/index.php\/abgeordnetenhaus\/","title":{"rendered":"Abgeordnetenhaus"},"content":{"rendered":"\n<p>Die <strong>parlamentarische Arbeit<\/strong> von Abgeordneten in allen demokratischen Parlamenten setzt sich in der Regel aus drei Kernelementen zusammen: der <strong>Rede vor dem Plenum<\/strong>, in der die eigene Meinung und zumeist auch die der Fraktion zu einem bestimmten politischen Sachverhalt vertreten und erl\u00e4utert wird. Sie richtet sich nicht nur an die Abgeordneten aller Fraktionen, sondern ist auch Teil der Kommunikation mit den W\u00e4hler:innen: an den Worten, die die Gew\u00e4hlten hier formulieren, m\u00fcssen sie sich von den Menschen messen lassen.<\/p>\n\n\n\n<p>Als <strong>Sprecher f\u00fcr Arbeit und Ausbildung<\/strong> sind die Themen meiner Redebeitr\u00e4ge bereits vorgegeben. Die R\u00fcckf\u00fchrung ausgegr\u00fcndeter Landesunternehmen und die dortige Mitbestimmung, der armutsfeste Vergabemindestlohn und die v\u00f6llige Neustrukturierung der Schulreinigung ber\u00fchren meine politische DNA unmittelbar. Mit welchem Engagement und gegen welche Widerst\u00e4nde ich mich in diesen Fragen f\u00fcr die Bev\u00f6lkerung einsetze und an Ergebnissen erziele, ist das, womit ich Ihnen, den W\u00e4hler:innen gegen\u00fcbertrete und mich Ihrem Urteil stelle. Meine Plenumsreden sind meine Beitr\u00e4ge zur Diskussion, an denen Sie mich messen k\u00f6nnen.<\/p>\n\n\n\n<p><strong>M\u00fcndliche Anfragen<\/strong> sind das Basisinstrument der parlamentarischen Kontrolle der Landesregierung durch die Abgeordneten. Sie betreffen folglich die t\u00e4gliche politische Ausgestaltung durch die Exekutive und werden im Plenum und in den Aussch\u00fcssen durch Mitglieder der Landesregierung beantwortet.<\/p>\n\n\n\n<p><strong>Schriftliche Anfragen<\/strong> gehen noch dar\u00fcber hinaus. Sie betreffen oft das Verwaltungshandeln und sind daher in Frage und Antwort erheblich detaillierter als das vorgenannte Mittel.<\/p>\n\n\n\n<p><em>&#8222;Anfragen des Abgeordnetenhauses an den Senat sind ein wichtiges Mittel zur Aus\u00fcbung der parlamentarischen Kontrolle (Kontrollrecht). Jede und jeder Abgeordnete kann \u00fcber bestimmte Vorg\u00e4nge in einer Anfrage, die bei der Pr\u00e4sidentin schriftlich einzureichen ist, vom Senat Auskunft verlangen (<strong>Schriftliche Anfrage<\/strong>). Der Senat beantwortet die Anfrage schriftlich. Die Antwort soll innerhalb von drei Wochen erfolgen.&#8220;<\/em><br>(<a href=\"https:\/\/www.parlament-berlin.de\/dokumente\/parlamentarische-anfragen\">https:\/\/www.parlament-berlin.de\/dokumente\/parlamentarische-anfragen<\/a>)<\/p>\n\n\n\n<p>\u2192 <a href=\"https:\/\/www.kein-alter-hut.de\/index.php\/schriftliche-anfragen\/\">Meine schriftlichen Anfragen<\/a><\/p>\n\n\n\n<p><\/p>\n","protected":false},"excerpt":{"rendered":"<p>Die parlamentarische Arbeit von Abgeordneten in allen demokratischen Parlamenten setzt sich in der Regel aus drei Kernelementen zusammen: der Rede vor dem Plenum, in der die eigene Meinung und zumeist auch die der Fraktion&#46;&#46;&#46;<\/p>\n","protected":false},"author":1,"featured_media":0,"parent":0,"menu_order":0,"comment_status":"closed","ping_status":"closed","template":"","meta":{"footnotes":""},"class_list":["post-909","page","type-page","status-publish","hentry"],"yoast_head":"<!-- This site is optimized with the Yoast SEO plugin v27.5 - https:\/\/yoast.com\/product\/yoast-seo-wordpress\/ -->\n<title>Abgeordnetenhaus - Sven Meyer MdA<\/title>\n<meta name=\"robots\" content=\"index, follow, max-snippet:-1, max-image-preview:large, max-video-preview:-1\" \/>\n<link rel=\"canonical\" href=\"https:\/\/www.kein-alter-hut.de\/index.php\/abgeordnetenhaus\/\" \/>\n<meta property=\"og:locale\" content=\"de_DE\" \/>\n<meta property=\"og:type\" content=\"article\" \/>\n<meta property=\"og:title\" content=\"Abgeordnetenhaus - Sven Meyer MdA\" \/>\n<meta property=\"og:description\" content=\"Die parlamentarische Arbeit von Abgeordneten in allen demokratischen Parlamenten setzt sich in der Regel aus drei Kernelementen zusammen: der Rede vor dem Plenum, in der die eigene Meinung und zumeist auch die der Fraktion&#046;&#046;&#046;\" \/>\n<meta property=\"og:url\" content=\"https:\/\/www.kein-alter-hut.de\/index.php\/abgeordnetenhaus\/\" \/>\n<meta property=\"og:site_name\" content=\"Sven Meyer MdA\" \/>\n<meta property=\"article:publisher\" content=\"https:\/\/www.facebook.com\/SvenMeyerReinickendorf\/\" \/>\n<meta property=\"article:modified_time\" content=\"2026-02-05T11:48:50+00:00\" \/>\n<meta name=\"twitter:card\" content=\"summary_large_image\" \/>\n<meta name=\"twitter:label1\" content=\"Gesch\u00e4tzte Lesezeit\" \/>\n\t<meta name=\"twitter:data1\" content=\"2\u00a0Minuten\" \/>\n<script type=\"application\/ld+json\" class=\"yoast-schema-graph\">{\"@context\":\"https:\\\/\\\/schema.org\",\"@graph\":[{\"@type\":\"WebPage\",\"@id\":\"https:\\\/\\\/www.kein-alter-hut.de\\\/index.php\\\/abgeordnetenhaus\\\/\",\"url\":\"https:\\\/\\\/www.kein-alter-hut.de\\\/index.php\\\/abgeordnetenhaus\\\/\",\"name\":\"Abgeordnetenhaus - Sven Meyer MdA\",\"isPartOf\":{\"@id\":\"https:\\\/\\\/www.kein-alter-hut.de\\\/#website\"},\"datePublished\":\"2023-06-29T11:28:52+00:00\",\"dateModified\":\"2026-02-05T11:48:50+00:00\",\"breadcrumb\":{\"@id\":\"https:\\\/\\\/www.kein-alter-hut.de\\\/index.php\\\/abgeordnetenhaus\\\/#breadcrumb\"},\"inLanguage\":\"de\",\"potentialAction\":[{\"@type\":\"ReadAction\",\"target\":[\"https:\\\/\\\/www.kein-alter-hut.de\\\/index.php\\\/abgeordnetenhaus\\\/\"]}]},{\"@type\":\"BreadcrumbList\",\"@id\":\"https:\\\/\\\/www.kein-alter-hut.de\\\/index.php\\\/abgeordnetenhaus\\\/#breadcrumb\",\"itemListElement\":[{\"@type\":\"ListItem\",\"position\":1,\"name\":\"Startseite\",\"item\":\"https:\\\/\\\/www.kein-alter-hut.de\\\/\"},{\"@type\":\"ListItem\",\"position\":2,\"name\":\"Abgeordnetenhaus\"}]},{\"@type\":\"WebSite\",\"@id\":\"https:\\\/\\\/www.kein-alter-hut.de\\\/#website\",\"url\":\"https:\\\/\\\/www.kein-alter-hut.de\\\/\",\"name\":\"Sven Meyer MdA\",\"description\":\"Sven Meyer - Ihr Abgeordneter f\u00fcr Wittenau, Waidmannslust, Borsigwalde und Tegel\",\"potentialAction\":[{\"@type\":\"SearchAction\",\"target\":{\"@type\":\"EntryPoint\",\"urlTemplate\":\"https:\\\/\\\/www.kein-alter-hut.de\\\/?s={search_term_string}\"},\"query-input\":{\"@type\":\"PropertyValueSpecification\",\"valueRequired\":true,\"valueName\":\"search_term_string\"}}],\"inLanguage\":\"de\"}]}<\/script>\n<!-- \/ Yoast SEO plugin. -->","yoast_head_json":{"title":"Abgeordnetenhaus - Sven Meyer MdA","robots":{"index":"index","follow":"follow","max-snippet":"max-snippet:-1","max-image-preview":"max-image-preview:large","max-video-preview":"max-video-preview:-1"},"canonical":"https:\/\/www.kein-alter-hut.de\/index.php\/abgeordnetenhaus\/","og_locale":"de_DE","og_type":"article","og_title":"Abgeordnetenhaus - Sven Meyer MdA","og_description":"Die parlamentarische Arbeit von Abgeordneten in allen demokratischen Parlamenten setzt sich in der Regel aus drei Kernelementen zusammen: der Rede vor dem Plenum, in der die eigene Meinung und zumeist auch die der Fraktion&#46;&#46;&#46;","og_url":"https:\/\/www.kein-alter-hut.de\/index.php\/abgeordnetenhaus\/","og_site_name":"Sven Meyer MdA","article_publisher":"https:\/\/www.facebook.com\/SvenMeyerReinickendorf\/","article_modified_time":"2026-02-05T11:48:50+00:00","twitter_card":"summary_large_image","twitter_misc":{"Gesch\u00e4tzte Lesezeit":"2\u00a0Minuten"},"schema":{"@context":"https:\/\/schema.org","@graph":[{"@type":"WebPage","@id":"https:\/\/www.kein-alter-hut.de\/index.php\/abgeordnetenhaus\/","url":"https:\/\/www.kein-alter-hut.de\/index.php\/abgeordnetenhaus\/","name":"Abgeordnetenhaus - Sven Meyer MdA","isPartOf":{"@id":"https:\/\/www.kein-alter-hut.de\/#website"},"datePublished":"2023-06-29T11:28:52+00:00","dateModified":"2026-02-05T11:48:50+00:00","breadcrumb":{"@id":"https:\/\/www.kein-alter-hut.de\/index.php\/abgeordnetenhaus\/#breadcrumb"},"inLanguage":"de","potentialAction":[{"@type":"ReadAction","target":["https:\/\/www.kein-alter-hut.de\/index.php\/abgeordnetenhaus\/"]}]},{"@type":"BreadcrumbList","@id":"https:\/\/www.kein-alter-hut.de\/index.php\/abgeordnetenhaus\/#breadcrumb","itemListElement":[{"@type":"ListItem","position":1,"name":"Startseite","item":"https:\/\/www.kein-alter-hut.de\/"},{"@type":"ListItem","position":2,"name":"Abgeordnetenhaus"}]},{"@type":"WebSite","@id":"https:\/\/www.kein-alter-hut.de\/#website","url":"https:\/\/www.kein-alter-hut.de\/","name":"Sven Meyer MdA","description":"Sven Meyer - Ihr Abgeordneter f\u00fcr Wittenau, Waidmannslust, Borsigwalde und Tegel","potentialAction":[{"@type":"SearchAction","target":{"@type":"EntryPoint","urlTemplate":"https:\/\/www.kein-alter-hut.de\/?s={search_term_string}"},"query-input":{"@type":"PropertyValueSpecification","valueRequired":true,"valueName":"search_term_string"}}],"inLanguage":"de"}]}},"_links":{"self":[{"href":"https:\/\/www.kein-alter-hut.de\/index.php\/wp-json\/wp\/v2\/pages\/909","targetHints":{"allow":["GET"]}}],"collection":[{"href":"https:\/\/www.kein-alter-hut.de\/index.php\/wp-json\/wp\/v2\/pages"}],"about":[{"href":"https:\/\/www.kein-alter-hut.de\/index.php\/wp-json\/wp\/v2\/types\/page"}],"author":[{"embeddable":true,"href":"https:\/\/www.kein-alter-hut.de\/index.php\/wp-json\/wp\/v2\/users\/1"}],"replies":[{"embeddable":true,"href":"https:\/\/www.kein-alter-hut.de\/index.php\/wp-json\/wp\/v2\/comments?post=909"}],"version-history":[{"count":6,"href":"https:\/\/www.kein-alter-hut.de\/index.php\/wp-json\/wp\/v2\/pages\/909\/revisions"}],"predecessor-version":[{"id":3238,"href":"https:\/\/www.kein-alter-hut.de\/index.php\/wp-json\/wp\/v2\/pages\/909\/revisions\/3238"}],"wp:attachment":[{"href":"https:\/\/www.kein-alter-hut.de\/index.php\/wp-json\/wp\/v2\/media?parent=909"}],"curies":[{"name":"wp","href":"https:\/\/api.w.org\/{rel}","templated":true}]}}